{"id":2276,"date":"2019-12-19T13:15:34","date_gmt":"2019-12-19T16:15:34","guid":{"rendered":"https:\/\/casacaminhodocorcovado.com.br\/?page_id=2276"},"modified":"2019-12-19T13:17:03","modified_gmt":"2019-12-19T16:17:03","slug":"la-casa","status":"publish","type":"page","link":"https:\/\/casacaminhodocorcovado.com.br\/es\/la-casa\/","title":{"rendered":"La casa"},"content":{"rendered":"<p>La Casa Camino do Corcovado se encuentra dentro de la reserva del Parque da Tijuca, el bosque urbano m\u00e1s grande del mundo, con el tren Corcovado subiendo a Cristo Redentor que pasa literalmente a su puerta.<\/p>\n<p><!--more--><\/p>\n<p>Construido en 1906, esta hermosa CASA hab\u00eda distinguido a los residentes como el Administrador del Ferrocarril Corcovado, y a\u00fan conserva las caracter\u00edsticas de principios del siglo pasado. Encanto chic, de una \u00e9poca que solo existe en nuestros sue\u00f1os. Para quienes gustan de la naturaleza, sus 4.500 metros de \u00e1rea verde exclusiva a menudo son visitados por monos capuchinos, monos capuchinos, tamarinos estrella, tucanes, armadillos, etc.\u2026 perfectos para los observadores de aves y el ecoturismo. La riqueza de la fauna y la flora hacen que alojarse en CASA sea una experiencia \u00fanica.<\/p>\n<p>Todos los 4 minutos a pie de la calle principal, con varias opciones de transporte.<\/p>\n<div class=\"rl-gallery-container rl-loading\" id=\"rl-gallery-container-1\" data-gallery_id=\"1195\"> <div class=\"rl-gallery rl-basicgrid-gallery \" id=\"rl-gallery-1\" data-gallery_no=\"1\"> <div class=\"rl-gallery-item\"><a href=\"https:\/\/casacaminhodocorcovado.com.br\/wp-content\/uploads\/2019\/12\/Mico-scaled.jpg\" title=\"\" data-rl_title=\"\" class=\"rl-gallery-link\" data-rl_caption=\"\" data-rel=\"lightbox-gallery-1\"><img loading=\"lazy\" decoding=\"async\" src=\"https:\/\/casacaminhodocorcovado.com.br\/wp-content\/uploads\/2019\/12\/Mico-225x300.jpg\" width=\"225\" height=\"300\" alt=\"Mico Casa Caminho Corcovado\" \/><\/a><\/div><div class=\"rl-gallery-item\"><a href=\"https:\/\/casacaminhodocorcovado.com.br\/wp-content\/uploads\/2019\/12\/Quati-2-scaled.jpg\" title=\"\" data-rl_title=\"\" class=\"rl-gallery-link\" data-rl_caption=\"\" data-rel=\"lightbox-gallery-1\"><img loading=\"lazy\" decoding=\"async\" src=\"https:\/\/casacaminhodocorcovado.com.br\/wp-content\/uploads\/2019\/12\/Quati-2-225x300.jpg\" width=\"225\" height=\"300\" alt=\"Quati Casa Caminho Corcovado\" \/><\/a><\/div><div class=\"rl-gallery-item\"><a href=\"https:\/\/casacaminhodocorcovado.com.br\/wp-content\/uploads\/2019\/12\/Trem-novo.jpg\" title=\"\" data-rl_title=\"\" class=\"rl-gallery-link\" data-rl_caption=\"\" data-rel=\"lightbox-gallery-1\"><img loading=\"lazy\" decoding=\"async\" src=\"https:\/\/casacaminhodocorcovado.com.br\/wp-content\/uploads\/2019\/12\/Trem-novo-225x300.jpg\" width=\"225\" height=\"300\" alt=\"Trem novo Casa Caminho Corcovado\" \/><\/a><\/div><div class=\"rl-gallery-item\"><a href=\"https:\/\/casacaminhodocorcovado.com.br\/wp-content\/uploads\/2019\/12\/Tucanos.jpg\" title=\"\" data-rl_title=\"\" class=\"rl-gallery-link\" data-rl_caption=\"\" data-rel=\"lightbox-gallery-1\"><img loading=\"lazy\" decoding=\"async\" src=\"https:\/\/casacaminhodocorcovado.com.br\/wp-content\/uploads\/2019\/12\/Tucanos-300x270.jpg\" width=\"300\" height=\"270\" alt=\"Tucanos Casa Caminho Corcovado\" \/><\/a><\/div> <\/div> <\/div>\n<p>&nbsp;<\/p>\n","protected":false},"excerpt":{"rendered":"<p>La Casa Camino do Corcovado se encuentra dentro de la reserva del Parque da Tijuca, el bosque urbano m\u00e1s grande del mundo, con el tren Corcovado subiendo a Cristo Redentor que pasa literalmente a su puerta.<\/p>\n","protected":false},"author":1,"featured_media":2141,"parent":0,"menu_order":0,"comment_status":"closed","ping_status":"closed","template":"","meta":{"inline_featured_image":false,"_joinchat":[],"footnotes":""},"class_list":["post-2276","page","type-page","status-publish","has-post-thumbnail","hentry"],"amp_enabled":true,"_links":{"self":[{"href":"https:\/\/casacaminhodocorcovado.com.br\/es\/wp-json\/wp\/v2\/pages\/2276","targetHints":{"allow":["GET"]}}],"collection":[{"href":"https:\/\/casacaminhodocorcovado.com.br\/es\/wp-json\/wp\/v2\/pages"}],"about":[{"href":"https:\/\/casacaminhodocorcovado.com.br\/es\/wp-json\/wp\/v2\/types\/page"}],"author":[{"embeddable":true,"href":"https:\/\/casacaminhodocorcovado.com.br\/es\/wp-json\/wp\/v2\/users\/1"}],"replies":[{"embeddable":true,"href":"https:\/\/casacaminhodocorcovado.com.br\/es\/wp-json\/wp\/v2\/comments?post=2276"}],"version-history":[{"count":3,"href":"https:\/\/casacaminhodocorcovado.com.br\/es\/wp-json\/wp\/v2\/pages\/2276\/revisions"}],"predecessor-version":[{"id":2279,"href":"https:\/\/casacaminhodocorcovado.com.br\/es\/wp-json\/wp\/v2\/pages\/2276\/revisions\/2279"}],"wp:featuredmedia":[{"embeddable":true,"href":"https:\/\/casacaminhodocorcovado.com.br\/es\/wp-json\/wp\/v2\/media\/2141"}],"wp:attachment":[{"href":"https:\/\/casacaminhodocorcovado.com.br\/es\/wp-json\/wp\/v2\/media?parent=2276"}],"curies":[{"name":"wp","href":"https:\/\/api.w.org\/{rel}","templated":true}]}}