{"id":2307,"date":"2019-12-19T13:33:17","date_gmt":"2019-12-19T16:33:17","guid":{"rendered":"https:\/\/casacaminhodocorcovado.com.br\/?page_id=2307"},"modified":"2019-12-19T13:33:32","modified_gmt":"2019-12-19T16:33:32","slug":"experiencia-del-huesped","status":"publish","type":"page","link":"https:\/\/casacaminhodocorcovado.com.br\/es\/experiencia-del-huesped\/","title":{"rendered":"Experiencia del hu\u00e9sped"},"content":{"rendered":"<div class=\"strong-view strong-view-id-1 default wpmtst-default\" data-count=\"3\"><div class=\"strong-content strong-normal columns-1\"><div class=\"wpmtst-testimonial testimonial post-2637\"><div class=\"wpmtst-testimonial-inner testimonial-inner\"><h3 class=\"wpmtst-testimonial-heading testimonial-heading\">Thalopes<\/h3><div    class=\"wpmtst-testimonial-content testimonial-content\"><div class=\"wpmtst-testimonial-image testimonial-image\"><img loading=\"lazy\" decoding=\"async\" width=\"150\" height=\"150\" src=\"https:\/\/casacaminhodocorcovado.com.br\/wp-content\/uploads\/2019\/12\/img-01.jpeg\" class=\"attachment-thumbnail size-thumbnail wp-post-image\" alt=\"Casa Caminho Corcovado\" srcset=\"https:\/\/casacaminhodocorcovado.com.br\/wp-content\/uploads\/2019\/12\/img-01.jpeg 150w, https:\/\/casacaminhodocorcovado.com.br\/wp-content\/uploads\/2019\/12\/img-01-75x75.jpeg 75w\" sizes=\"auto, (max-width: 150px) 100vw, 150px\" \/><\/div><div class=\"maybe-clear\"><\/div><p>El lugar encantador, para quienes gustan de la paz, es un buen lugar, vale la pena conocerlo, para quienes gustan del contacto con la naturaleza, la paz y la tranquilidad, necesitan conocer el lugar, un lugar acogedor.<\/p><\/div><div class=\"wpmtst-testimonial-field testimonial-field testimonial-name\">Thalopes<\/div><div class=\"clear\"><\/div><\/div><\/div><div class=\"wpmtst-testimonial testimonial post-2636\"><div class=\"wpmtst-testimonial-inner testimonial-inner\"><h3 class=\"wpmtst-testimonial-heading testimonial-heading\">Maria Lu\u00edsa A<\/h3><div    class=\"wpmtst-testimonial-content testimonial-content\"><div class=\"wpmtst-testimonial-image testimonial-image\"><img loading=\"lazy\" decoding=\"async\" width=\"150\" height=\"150\" src=\"https:\/\/casacaminhodocorcovado.com.br\/wp-content\/uploads\/2019\/12\/img-2.jpeg\" class=\"attachment-thumbnail size-thumbnail wp-post-image\" alt=\"Casa Caminho Corcovado\" srcset=\"https:\/\/casacaminhodocorcovado.com.br\/wp-content\/uploads\/2019\/12\/img-2.jpeg 150w, https:\/\/casacaminhodocorcovado.com.br\/wp-content\/uploads\/2019\/12\/img-2-75x75.jpeg 75w\" sizes=\"auto, (max-width: 150px) 100vw, 150px\" \/><\/div><div class=\"maybe-clear\"><\/div><p>Nuestro viaje fue muy agradable, especialmente por el lugar que elegimos. Casa Caminho do Corcovado es una antigua casa restaurada rodeada de un verdadero para\u00edso ecol\u00f3gico, cuyos propietarios nos reciben con comodidad, buen gusto y sofisticaci\u00f3n. El lugar es \u00fanico y especial, en el coraz\u00f3n de Cosme Velho, a los pies de Cristo Redentor, a orillas del tren Corcovado.<\/p><\/div><div class=\"wpmtst-testimonial-field testimonial-field testimonial-name\">Maria Lu\u00edsa A<\/div><div class=\"clear\"><\/div><\/div><\/div><div class=\"wpmtst-testimonial testimonial post-2634\"><div class=\"wpmtst-testimonial-inner testimonial-inner\"><h3 class=\"wpmtst-testimonial-heading testimonial-heading\">Juan R<\/h3><div    class=\"wpmtst-testimonial-content testimonial-content\"><div class=\"wpmtst-testimonial-image testimonial-image\"><img loading=\"lazy\" decoding=\"async\" width=\"150\" height=\"150\" src=\"https:\/\/casacaminhodocorcovado.com.br\/wp-content\/uploads\/2019\/12\/img-03.jpeg\" class=\"attachment-thumbnail size-thumbnail wp-post-image\" alt=\"Casa Caminho Corcovado\" srcset=\"https:\/\/casacaminhodocorcovado.com.br\/wp-content\/uploads\/2019\/12\/img-03.jpeg 150w, https:\/\/casacaminhodocorcovado.com.br\/wp-content\/uploads\/2019\/12\/img-03-75x75.jpeg 75w\" sizes=\"auto, (max-width: 150px) 100vw, 150px\" \/><\/div><div class=\"maybe-clear\"><\/div><p>Excelente Pousada, la casa y las habitaciones son muy acogedoras, muy bien ubicadas, muy cerca de uno de los lugares m\u00e1s importantes del mundo. Gran servicio, son muy atentos. Se lo recomiendo a todos los que planean un viaje o un viaje a R\u00edo.<\/p><\/div><div class=\"wpmtst-testimonial-field testimonial-field testimonial-name\">Juan R<\/div><div class=\"clear\"><\/div><\/div><\/div><\/div><\/div>\n","protected":false},"excerpt":{"rendered":"<p>Mira de lo que est\u00e1n hablando \ud83d\ude42<\/p>\n","protected":false},"author":1,"featured_media":2120,"parent":0,"menu_order":0,"comment_status":"closed","ping_status":"closed","template":"","meta":{"inline_featured_image":false,"_joinchat":[],"footnotes":""},"class_list":["post-2307","page","type-page","status-publish","has-post-thumbnail","hentry"],"amp_enabled":true,"_links":{"self":[{"href":"https:\/\/casacaminhodocorcovado.com.br\/es\/wp-json\/wp\/v2\/pages\/2307","targetHints":{"allow":["GET"]}}],"collection":[{"href":"https:\/\/casacaminhodocorcovado.com.br\/es\/wp-json\/wp\/v2\/pages"}],"about":[{"href":"https:\/\/casacaminhodocorcovado.com.br\/es\/wp-json\/wp\/v2\/types\/page"}],"author":[{"embeddable":true,"href":"https:\/\/casacaminhodocorcovado.com.br\/es\/wp-json\/wp\/v2\/users\/1"}],"replies":[{"embeddable":true,"href":"https:\/\/casacaminhodocorcovado.com.br\/es\/wp-json\/wp\/v2\/comments?post=2307"}],"version-history":[{"count":2,"href":"https:\/\/casacaminhodocorcovado.com.br\/es\/wp-json\/wp\/v2\/pages\/2307\/revisions"}],"predecessor-version":[{"id":2309,"href":"https:\/\/casacaminhodocorcovado.com.br\/es\/wp-json\/wp\/v2\/pages\/2307\/revisions\/2309"}],"wp:featuredmedia":[{"embeddable":true,"href":"https:\/\/casacaminhodocorcovado.com.br\/es\/wp-json\/wp\/v2\/media\/2120"}],"wp:attachment":[{"href":"https:\/\/casacaminhodocorcovado.com.br\/es\/wp-json\/wp\/v2\/media?parent=2307"}],"curies":[{"name":"wp","href":"https:\/\/api.w.org\/{rel}","templated":true}]}}