{"id":2310,"date":"2019-12-19T13:34:06","date_gmt":"2019-12-19T16:34:06","guid":{"rendered":"https:\/\/casacaminhodocorcovado.com.br\/?page_id=2310"},"modified":"2019-12-19T13:34:06","modified_gmt":"2019-12-19T16:34:06","slug":"fotos","status":"publish","type":"page","link":"https:\/\/casacaminhodocorcovado.com.br\/es\/fotos\/","title":{"rendered":"Fotos"},"content":{"rendered":"<div class=\"rl-gallery-container rl-loading\" id=\"rl-gallery-container-1\" data-gallery_id=\"1204\"> <div class=\"rl-gallery rl-basicgrid-gallery \" id=\"rl-gallery-1\" data-gallery_no=\"1\"> <div class=\"rl-gallery-item\"><a href=\"https:\/\/casacaminhodocorcovado.com.br\/wp-content\/uploads\/2019\/12\/casa-caminho-img-01-2.jpg\" title=\"\" data-rl_title=\"\" class=\"rl-gallery-link\" data-rl_caption=\"\" data-rel=\"lightbox-gallery-1\"><img loading=\"lazy\" decoding=\"async\" src=\"https:\/\/casacaminhodocorcovado.com.br\/wp-content\/uploads\/2019\/12\/casa-caminho-img-01-2-300x225.jpg\" width=\"300\" height=\"225\" alt=\"Casa Caminho Corcovado\" \/><\/a><\/div><div class=\"rl-gallery-item\"><a href=\"https:\/\/casacaminhodocorcovado.com.br\/wp-content\/uploads\/2019\/12\/casa-caminho-img-02-1.jpg\" title=\"\" data-rl_title=\"\" class=\"rl-gallery-link\" data-rl_caption=\"\" data-rel=\"lightbox-gallery-1\"><img loading=\"lazy\" decoding=\"async\" src=\"https:\/\/casacaminhodocorcovado.com.br\/wp-content\/uploads\/2019\/12\/casa-caminho-img-02-1-300x225.jpg\" width=\"300\" height=\"225\" alt=\"Entrada Casa Caminho Corcovado\" \/><\/a><\/div><div class=\"rl-gallery-item\"><a href=\"https:\/\/casacaminhodocorcovado.com.br\/wp-content\/uploads\/2019\/12\/casa-caminho-img-03-1.jpg\" title=\"\" data-rl_title=\"\" class=\"rl-gallery-link\" data-rl_caption=\"\" data-rel=\"lightbox-gallery-1\"><img loading=\"lazy\" decoding=\"async\" src=\"https:\/\/casacaminhodocorcovado.com.br\/wp-content\/uploads\/2019\/12\/casa-caminho-img-03-1-300x225.jpg\" width=\"300\" height=\"225\" alt=\"Varanda Casa Caminho Corcovado\" \/><\/a><\/div><div class=\"rl-gallery-item\"><a href=\"https:\/\/casacaminhodocorcovado.com.br\/wp-content\/uploads\/2019\/12\/casa-caminho-img-04-1.jpg\" title=\"\" data-rl_title=\"\" class=\"rl-gallery-link\" data-rl_caption=\"\" data-rel=\"lightbox-gallery-1\"><img loading=\"lazy\" decoding=\"async\" src=\"https:\/\/casacaminhodocorcovado.com.br\/wp-content\/uploads\/2019\/12\/casa-caminho-img-04-1-300x225.jpg\" width=\"300\" height=\"225\" alt=\"Casa Caminho Corcovado\" \/><\/a><\/div><div class=\"rl-gallery-item\"><a href=\"https:\/\/casacaminhodocorcovado.com.br\/wp-content\/uploads\/2019\/12\/casa-caminho-img-05-1.jpg\" title=\"\" data-rl_title=\"\" class=\"rl-gallery-link\" data-rl_caption=\"\" data-rel=\"lightbox-gallery-1\"><img loading=\"lazy\" decoding=\"async\" src=\"https:\/\/casacaminhodocorcovado.com.br\/wp-content\/uploads\/2019\/12\/casa-caminho-img-05-1-300x225.jpg\" width=\"300\" height=\"225\" alt=\"Jantar Casa Caminho Corcovado\" \/><\/a><\/div><div class=\"rl-gallery-item\"><a href=\"https:\/\/casacaminhodocorcovado.com.br\/wp-content\/uploads\/2019\/12\/casa-caminho-img-06-1.jpg\" title=\"\" data-rl_title=\"\" class=\"rl-gallery-link\" data-rl_caption=\"\" data-rel=\"lightbox-gallery-1\"><img loading=\"lazy\" decoding=\"async\" src=\"https:\/\/casacaminhodocorcovado.com.br\/wp-content\/uploads\/2019\/12\/casa-caminho-img-06-1-300x199.jpg\" width=\"300\" height=\"199\" alt=\"Vista Cristo Redentor Casa Caminho Corcovado\" \/><\/a><\/div><div class=\"rl-gallery-item\"><a href=\"https:\/\/casacaminhodocorcovado.com.br\/wp-content\/uploads\/2019\/12\/casa-caminho-img-07-1.jpg\" title=\"\" data-rl_title=\"\" class=\"rl-gallery-link\" data-rl_caption=\"\" data-rel=\"lightbox-gallery-1\"><img loading=\"lazy\" decoding=\"async\" src=\"https:\/\/casacaminhodocorcovado.com.br\/wp-content\/uploads\/2019\/12\/casa-caminho-img-07-1-300x199.jpg\" width=\"300\" height=\"199\" alt=\"Tenda Casa Caminho Corcovado\" \/><\/a><\/div><div class=\"rl-gallery-item\"><a href=\"https:\/\/casacaminhodocorcovado.com.br\/wp-content\/uploads\/2019\/12\/casa-caminho-img-08-1.jpg\" title=\"\" data-rl_title=\"\" class=\"rl-gallery-link\" data-rl_caption=\"\" data-rel=\"lightbox-gallery-1\"><img loading=\"lazy\" decoding=\"async\" src=\"https:\/\/casacaminhodocorcovado.com.br\/wp-content\/uploads\/2019\/12\/casa-caminho-img-08-1-300x225.jpg\" width=\"300\" height=\"225\" alt=\"Caf\u00e9 da manh\u00e3 Casa Caminho Corcovado\" \/><\/a><\/div><div class=\"rl-gallery-item\"><a href=\"https:\/\/casacaminhodocorcovado.com.br\/wp-content\/uploads\/2019\/12\/casa-caminho-img-09.jpg\" title=\"\" data-rl_title=\"\" class=\"rl-gallery-link\" data-rl_caption=\"\" data-rel=\"lightbox-gallery-1\"><img loading=\"lazy\" decoding=\"async\" src=\"https:\/\/casacaminhodocorcovado.com.br\/wp-content\/uploads\/2019\/12\/casa-caminho-img-09-300x200.jpg\" width=\"300\" height=\"200\" alt=\"Cristo redentor Casa Caminho Corcovado\" \/><\/a><\/div><div class=\"rl-gallery-item\"><a href=\"https:\/\/casacaminhodocorcovado.com.br\/wp-content\/uploads\/2019\/12\/casa-caminho-img-10.jpg\" title=\"\" data-rl_title=\"\" class=\"rl-gallery-link\" data-rl_caption=\"\" data-rel=\"lightbox-gallery-1\"><img loading=\"lazy\" decoding=\"async\" src=\"https:\/\/casacaminhodocorcovado.com.br\/wp-content\/uploads\/2019\/12\/casa-caminho-img-10-300x200.jpg\" width=\"300\" height=\"200\" alt=\"Cristo redentor Casa Caminho Corcovado\" \/><\/a><\/div><div class=\"rl-gallery-item\"><a href=\"https:\/\/casacaminhodocorcovado.com.br\/wp-content\/uploads\/2019\/12\/casa-caminho-img-11-1.jpg\" title=\"\" data-rl_title=\"\" class=\"rl-gallery-link\" data-rl_caption=\"\" data-rel=\"lightbox-gallery-1\"><img loading=\"lazy\" decoding=\"async\" src=\"https:\/\/casacaminhodocorcovado.com.br\/wp-content\/uploads\/2019\/12\/casa-caminho-img-11-1-300x200.jpg\" width=\"300\" height=\"200\" alt=\"Cristo Redentor Casa Caminho Corcovado\" \/><\/a><\/div><div class=\"rl-gallery-item\"><a href=\"https:\/\/casacaminhodocorcovado.com.br\/wp-content\/uploads\/2019\/12\/casa-caminho-img-12.jpg\" title=\"\" data-rl_title=\"\" class=\"rl-gallery-link\" data-rl_caption=\"\" data-rel=\"lightbox-gallery-1\"><img loading=\"lazy\" decoding=\"async\" src=\"https:\/\/casacaminhodocorcovado.com.br\/wp-content\/uploads\/2019\/12\/casa-caminho-img-12-300x225.jpg\" width=\"300\" height=\"225\" alt=\"P\u00e3o de A\u00e7\u00facar Casa Caminho Corcovado\" \/><\/a><\/div><div class=\"rl-gallery-item\"><a href=\"https:\/\/casacaminhodocorcovado.com.br\/wp-content\/uploads\/2019\/12\/casa-caminho-img-13.jpg\" title=\"\" data-rl_title=\"\" class=\"rl-gallery-link\" data-rl_caption=\"\" data-rel=\"lightbox-gallery-1\"><img loading=\"lazy\" decoding=\"async\" src=\"https:\/\/casacaminhodocorcovado.com.br\/wp-content\/uploads\/2019\/12\/casa-caminho-img-13-225x300.jpg\" width=\"225\" height=\"300\" alt=\"Macacos Casa Caminho Corcovado\" \/><\/a><\/div><div class=\"rl-gallery-item\"><a href=\"https:\/\/casacaminhodocorcovado.com.br\/wp-content\/uploads\/2019\/12\/casa-caminho-img-14.jpg\" title=\"\" data-rl_title=\"\" class=\"rl-gallery-link\" data-rl_caption=\"\" data-rel=\"lightbox-gallery-1\"><img loading=\"lazy\" decoding=\"async\" src=\"https:\/\/casacaminhodocorcovado.com.br\/wp-content\/uploads\/2019\/12\/casa-caminho-img-14-225x300.jpg\" width=\"225\" height=\"300\" alt=\"Macacos Casa Caminho Corcovado\" \/><\/a><\/div> <\/div> <\/div>\n","protected":false},"excerpt":{"rendered":"","protected":false},"author":1,"featured_media":2201,"parent":0,"menu_order":0,"comment_status":"closed","ping_status":"closed","template":"","meta":{"inline_featured_image":false,"_joinchat":[],"footnotes":""},"class_list":["post-2310","page","type-page","status-publish","has-post-thumbnail","hentry"],"amp_enabled":true,"_links":{"self":[{"href":"https:\/\/casacaminhodocorcovado.com.br\/es\/wp-json\/wp\/v2\/pages\/2310","targetHints":{"allow":["GET"]}}],"collection":[{"href":"https:\/\/casacaminhodocorcovado.com.br\/es\/wp-json\/wp\/v2\/pages"}],"about":[{"href":"https:\/\/casacaminhodocorcovado.com.br\/es\/wp-json\/wp\/v2\/types\/page"}],"author":[{"embeddable":true,"href":"https:\/\/casacaminhodocorcovado.com.br\/es\/wp-json\/wp\/v2\/users\/1"}],"replies":[{"embeddable":true,"href":"https:\/\/casacaminhodocorcovado.com.br\/es\/wp-json\/wp\/v2\/comments?post=2310"}],"version-history":[{"count":1,"href":"https:\/\/casacaminhodocorcovado.com.br\/es\/wp-json\/wp\/v2\/pages\/2310\/revisions"}],"predecessor-version":[{"id":2311,"href":"https:\/\/casacaminhodocorcovado.com.br\/es\/wp-json\/wp\/v2\/pages\/2310\/revisions\/2311"}],"wp:featuredmedia":[{"embeddable":true,"href":"https:\/\/casacaminhodocorcovado.com.br\/es\/wp-json\/wp\/v2\/media\/2201"}],"wp:attachment":[{"href":"https:\/\/casacaminhodocorcovado.com.br\/es\/wp-json\/wp\/v2\/media?parent=2310"}],"curies":[{"name":"wp","href":"https:\/\/api.w.org\/{rel}","templated":true}]}}