{"id":2318,"date":"2019-12-19T13:42:12","date_gmt":"2019-12-19T16:42:12","guid":{"rendered":"https:\/\/casacaminhodocorcovado.com.br\/?page_id=2318"},"modified":"2020-01-07T12:04:19","modified_gmt":"2020-01-07T15:04:19","slug":"cerca","status":"publish","type":"page","link":"https:\/\/casacaminhodocorcovado.com.br\/es\/cerca\/","title":{"rendered":"Cerca"},"content":{"rendered":"<p>Es el ferrocarril m\u00e1s peque\u00f1o de Brasil y solo hace la ruta a Corcovado. El barrio est\u00e1 bordeado por Santa Teresa, Laranjeiras y Centro. Al final de la calle Cosme Velho, puede ingresar al T\u00fanel Rebou\u00e7as, hacia Lagoa, con acceso r\u00e1pido al Jard\u00edn Bot\u00e1nico, la Laguna Rodrigo de Freitas y famosas playas como Copacabana e Ipanema. Otro lugar tur\u00edstico que tiene el barrio es el Largo do Botic\u00e1rio, que consta de siete casas de estilo neocolonial de la d\u00e9cada de 1920.<\/p>\n<p>Las casas fueron construidas con material utilizado en edificios del centro, que fueron demolidas. Otro punto destacado, A Bica da Rainha, ubicada en la Rua Cosme Velho 381, fue un punto de parada para que D. Mar\u00eda, reina de Portugal, desde 1908 en sus caminatas, bebiera de las \u00abaguas de hierro\u00bb, a las que se les atribuyeron cualidades. Medicinal<\/p>\n<p>Hoy est\u00e1 rodeado, manteniendo las caracter\u00edsticas del per\u00edodo en que los nobles lo usaron.<\/p>\n<div class=\"rl-gallery-container rl-loading\" id=\"rl-gallery-container-1\" data-gallery_id=\"2618\"> <div class=\"rl-gallery rl-basicgrid-gallery \" id=\"rl-gallery-1\" data-gallery_no=\"1\"> <div class=\"rl-gallery-item\"><a href=\"https:\/\/casacaminhodocorcovado.com.br\/wp-content\/uploads\/2020\/01\/01.jpeg\" title=\"\" data-rl_title=\"\" class=\"rl-gallery-link\" data-rl_caption=\"\" data-rel=\"lightbox-gallery-1\"><img loading=\"lazy\" decoding=\"async\" src=\"https:\/\/casacaminhodocorcovado.com.br\/wp-content\/uploads\/2020\/01\/01-225x300.jpeg\" width=\"225\" height=\"300\" alt=\"Trem do corcovado Casa Caminho Corcovado\" \/><\/a><\/div><div class=\"rl-gallery-item\"><a href=\"https:\/\/casacaminhodocorcovado.com.br\/wp-content\/uploads\/2020\/01\/02.jpg\" title=\"\" data-rl_title=\"\" class=\"rl-gallery-link\" data-rl_caption=\"\" data-rel=\"lightbox-gallery-1\"><img loading=\"lazy\" decoding=\"async\" src=\"https:\/\/casacaminhodocorcovado.com.br\/wp-content\/uploads\/2020\/01\/02-225x300.jpg\" width=\"225\" height=\"300\" alt=\"Trem do Corcovado Casa Caminho Corcovado\" \/><\/a><\/div> <\/div> <\/div>\n","protected":false},"excerpt":{"rendered":"<p>Es en el distrito de Cosme Velho donde se encuentra la estaci\u00f3n de hierro Corcovado, desde donde se encuentra el tren que lleva a los turistas al pico Corcovado, donde se encuentra la estatua de Cristo Redentor, s\u00edmbolo de la ciudad y una de las Siete Nuevas Maravillas. del mundo.<\/p>\n","protected":false},"author":1,"featured_media":2199,"parent":0,"menu_order":0,"comment_status":"closed","ping_status":"closed","template":"","meta":{"inline_featured_image":false,"_joinchat":[],"footnotes":""},"class_list":["post-2318","page","type-page","status-publish","has-post-thumbnail","hentry"],"amp_enabled":true,"_links":{"self":[{"href":"https:\/\/casacaminhodocorcovado.com.br\/es\/wp-json\/wp\/v2\/pages\/2318","targetHints":{"allow":["GET"]}}],"collection":[{"href":"https:\/\/casacaminhodocorcovado.com.br\/es\/wp-json\/wp\/v2\/pages"}],"about":[{"href":"https:\/\/casacaminhodocorcovado.com.br\/es\/wp-json\/wp\/v2\/types\/page"}],"author":[{"embeddable":true,"href":"https:\/\/casacaminhodocorcovado.com.br\/es\/wp-json\/wp\/v2\/users\/1"}],"replies":[{"embeddable":true,"href":"https:\/\/casacaminhodocorcovado.com.br\/es\/wp-json\/wp\/v2\/comments?post=2318"}],"version-history":[{"count":3,"href":"https:\/\/casacaminhodocorcovado.com.br\/es\/wp-json\/wp\/v2\/pages\/2318\/revisions"}],"predecessor-version":[{"id":2627,"href":"https:\/\/casacaminhodocorcovado.com.br\/es\/wp-json\/wp\/v2\/pages\/2318\/revisions\/2627"}],"wp:featuredmedia":[{"embeddable":true,"href":"https:\/\/casacaminhodocorcovado.com.br\/es\/wp-json\/wp\/v2\/media\/2199"}],"wp:attachment":[{"href":"https:\/\/casacaminhodocorcovado.com.br\/es\/wp-json\/wp\/v2\/media?parent=2318"}],"curies":[{"name":"wp","href":"https:\/\/api.w.org\/{rel}","templated":true}]}}