{"id":2320,"date":"2019-12-19T13:42:54","date_gmt":"2019-12-19T16:42:54","guid":{"rendered":"https:\/\/casacaminhodocorcovado.com.br\/?page_id=2320"},"modified":"2019-12-19T13:42:54","modified_gmt":"2019-12-19T16:42:54","slug":"observacion-de-aves","status":"publish","type":"page","link":"https:\/\/casacaminhodocorcovado.com.br\/es\/observacion-de-aves\/","title":{"rendered":"Observaci\u00f3n de aves"},"content":{"rendered":"<p>Los parques nacionales que forman parte del Bosque Atl\u00e1ntico albergan miles de especies, incluidas especies end\u00e9micas y en peligro de extinci\u00f3n.<\/p>\n<p>Casa Casa Caminho do Corcovado se encuentra dentro del Parque Nacional Tijuca y contribuye a la preservaci\u00f3n de especies end\u00e9micas del bosque atl\u00e1ntico.<\/p>\n<p>La abundancia de aves es diversa y sus representantes principales son las Maritacas (pionos maximilani), Sairas, Jacupemba (Pen\u00e9lope jacupemba), Saracura, Colibr\u00edes, B\u00fahos, Arapongas, Carpintero, Tangara (chiroxiphia caudata), Capoeira ( odontophorus capueira), Juriti-piranga (Geotrygon montana), Tuc\u00e1n de pico negro (Ramphastus vitellinus) y otros.<\/p>\n<div class=\"rl-gallery-container rl-loading\" id=\"rl-gallery-container-1\" data-gallery_id=\"1310\"> <div class=\"rl-gallery rl-basicgrid-gallery \" id=\"rl-gallery-1\" data-gallery_no=\"1\"> <div class=\"rl-gallery-item\"><a href=\"https:\/\/casacaminhodocorcovado.com.br\/wp-content\/uploads\/2019\/12\/casa-caminho-corcovado-bird-01.jpg\" title=\"\" data-rl_title=\"\" class=\"rl-gallery-link\" data-rl_caption=\"\" data-rel=\"lightbox-gallery-1\"><img loading=\"lazy\" decoding=\"async\" src=\"https:\/\/casacaminhodocorcovado.com.br\/wp-content\/uploads\/2019\/12\/casa-caminho-corcovado-bird-01-300x200.jpg\" width=\"300\" height=\"200\" alt=\"P\u00e1ssaro Casa Caminho Corcovado\" \/><\/a><\/div><div class=\"rl-gallery-item\"><a href=\"https:\/\/casacaminhodocorcovado.com.br\/wp-content\/uploads\/2019\/12\/casa-caminho-corcovado-bird-02.png\" title=\"\" data-rl_title=\"\" class=\"rl-gallery-link\" data-rl_caption=\"\" data-rel=\"lightbox-gallery-1\"><img loading=\"lazy\" decoding=\"async\" src=\"https:\/\/casacaminhodocorcovado.com.br\/wp-content\/uploads\/2019\/12\/casa-caminho-corcovado-bird-02-300x225.png\" width=\"300\" height=\"225\" alt=\"P\u00e1ssaros Casa Caminho Corcovado\" \/><\/a><\/div><div class=\"rl-gallery-item\"><a href=\"https:\/\/casacaminhodocorcovado.com.br\/wp-content\/uploads\/2019\/12\/casa-caminho-corcovado-bird-03-1.png\" title=\"\" data-rl_title=\"\" class=\"rl-gallery-link\" data-rl_caption=\"\" data-rel=\"lightbox-gallery-1\"><img loading=\"lazy\" decoding=\"async\" src=\"https:\/\/casacaminhodocorcovado.com.br\/wp-content\/uploads\/2019\/12\/casa-caminho-corcovado-bird-03-1-300x225.png\" width=\"300\" height=\"225\" alt=\"P\u00e1ssaros Nativos Casa Caminho Corcovado\" \/><\/a><\/div><div class=\"rl-gallery-item\"><a href=\"https:\/\/casacaminhodocorcovado.com.br\/wp-content\/uploads\/2019\/12\/casa-caminho-corcovado-bird-04.jpg\" title=\"\" data-rl_title=\"\" class=\"rl-gallery-link\" data-rl_caption=\"\" data-rel=\"lightbox-gallery-1\"><img loading=\"lazy\" decoding=\"async\" src=\"https:\/\/casacaminhodocorcovado.com.br\/wp-content\/uploads\/2019\/12\/casa-caminho-corcovado-bird-04.jpg\" width=\"300\" height=\"200\" alt=\"Imagem de tucano\" \/><\/a><\/div> <\/div> <\/div>\n","protected":false},"excerpt":{"rendered":"<p>La selva atl\u00e1ntica de R\u00edo de Janeiro es un excelente lugar para la observaci\u00f3n de aves en el sureste de Brasil.<\/p>\n","protected":false},"author":1,"featured_media":2211,"parent":0,"menu_order":0,"comment_status":"closed","ping_status":"closed","template":"","meta":{"inline_featured_image":false,"_joinchat":[],"footnotes":""},"class_list":["post-2320","page","type-page","status-publish","has-post-thumbnail","hentry"],"amp_enabled":true,"_links":{"self":[{"href":"https:\/\/casacaminhodocorcovado.com.br\/es\/wp-json\/wp\/v2\/pages\/2320","targetHints":{"allow":["GET"]}}],"collection":[{"href":"https:\/\/casacaminhodocorcovado.com.br\/es\/wp-json\/wp\/v2\/pages"}],"about":[{"href":"https:\/\/casacaminhodocorcovado.com.br\/es\/wp-json\/wp\/v2\/types\/page"}],"author":[{"embeddable":true,"href":"https:\/\/casacaminhodocorcovado.com.br\/es\/wp-json\/wp\/v2\/users\/1"}],"replies":[{"embeddable":true,"href":"https:\/\/casacaminhodocorcovado.com.br\/es\/wp-json\/wp\/v2\/comments?post=2320"}],"version-history":[{"count":1,"href":"https:\/\/casacaminhodocorcovado.com.br\/es\/wp-json\/wp\/v2\/pages\/2320\/revisions"}],"predecessor-version":[{"id":2321,"href":"https:\/\/casacaminhodocorcovado.com.br\/es\/wp-json\/wp\/v2\/pages\/2320\/revisions\/2321"}],"wp:featuredmedia":[{"embeddable":true,"href":"https:\/\/casacaminhodocorcovado.com.br\/es\/wp-json\/wp\/v2\/media\/2211"}],"wp:attachment":[{"href":"https:\/\/casacaminhodocorcovado.com.br\/es\/wp-json\/wp\/v2\/media?parent=2320"}],"curies":[{"name":"wp","href":"https:\/\/api.w.org\/{rel}","templated":true}]}}