{"id":2326,"date":"2019-12-19T13:44:40","date_gmt":"2019-12-19T16:44:40","guid":{"rendered":"https:\/\/casacaminhodocorcovado.com.br\/?page_id=2326"},"modified":"2020-01-06T17:21:30","modified_gmt":"2020-01-06T20:21:30","slug":"otros-traslados","status":"publish","type":"page","link":"https:\/\/casacaminhodocorcovado.com.br\/es\/servicios\/otros-traslados\/","title":{"rendered":"Otros traslados"},"content":{"rendered":"<p><strong>Todos los valores de transferencia se refieren a las rutas en la lista presentada, comenzando en Casa Caminho do Corcovado, de una manera. Otras ubicaciones, por favor env\u00ede una consulta.<\/strong><\/p>\n<p>CASA PATH OF CORCOVADO ofrece diversos servicios personalizados, de acuerdo a las necesidades y deseos del hu\u00e9sped.<\/p>\n<ul>\n<li>Transferir B\u00fazios R $ 500,00. Unidireccional y hasta 3 personas. R $ 600,00 para 4 personas.<\/li>\n<li>Traslado Ilha Grande (Concei\u00e7\u00e3o do Jacare\u00ed) R $ 450,00. Unidireccional y hasta 3 personas. R $ 550,00 para 4 personas.<\/li>\n<li>Transferencia Ilha Grande (Angra dos Reis) R $ 500,00. Unidireccional y hasta 3 personas. R $ 600,00 para 4 personas.<\/li>\n<\/ul>\n<h3><strong>Servicio de reserva previa<\/strong><\/h3>\n<script type=\"text\/javascript\">\n\/* <![CDATA[ *\/\nvar gform;gform||(document.addEventListener(\"gform_main_scripts_loaded\",function(){gform.scriptsLoaded=!0}),document.addEventListener(\"gform\/theme\/scripts_loaded\",function(){gform.themeScriptsLoaded=!0}),window.addEventListener(\"DOMContentLoaded\",function(){gform.domLoaded=!0}),gform={domLoaded:!1,scriptsLoaded:!1,themeScriptsLoaded:!1,isFormEditor:()=>\"function\"==typeof InitializeEditor,callIfLoaded:function(o){return!(!gform.domLoaded||!gform.scriptsLoaded||!gform.themeScriptsLoaded&&!gform.isFormEditor()||(gform.isFormEditor()&&console.warn(\"The use of gform.initializeOnLoaded() is deprecated in the form editor context and will be removed in Gravity Forms 3.1.\"),o(),0))},initializeOnLoaded:function(o){gform.callIfLoaded(o)||(document.addEventListener(\"gform_main_scripts_loaded\",()=>{gform.scriptsLoaded=!0,gform.callIfLoaded(o)}),document.addEventListener(\"gform\/theme\/scripts_loaded\",()=>{gform.themeScriptsLoaded=!0,gform.callIfLoaded(o)}),window.addEventListener(\"DOMContentLoaded\",()=>{gform.domLoaded=!0,gform.callIfLoaded(o)}))},hooks:{action:{},filter:{}},addAction:function(o,r,e,t){gform.addHook(\"action\",o,r,e,t)},addFilter:function(o,r,e,t){gform.addHook(\"filter\",o,r,e,t)},doAction:function(o){gform.doHook(\"action\",o,arguments)},applyFilters:function(o){return gform.doHook(\"filter\",o,arguments)},removeAction:function(o,r){gform.removeHook(\"action\",o,r)},removeFilter:function(o,r,e){gform.removeHook(\"filter\",o,r,e)},addHook:function(o,r,e,t,n){null==gform.hooks[o][r]&&(gform.hooks[o][r]=[]);var d=gform.hooks[o][r];null==n&&(n=r+\"_\"+d.length),gform.hooks[o][r].push({tag:n,callable:e,priority:t=null==t?10:t})},doHook:function(r,o,e){var t;if(e=Array.prototype.slice.call(e,1),null!=gform.hooks[r][o]&&((o=gform.hooks[r][o]).sort(function(o,r){return o.priority-r.priority}),o.forEach(function(o){\"function\"!=typeof(t=o.callable)&&(t=window[t]),\"action\"==r?t.apply(null,e):e[0]=t.apply(null,e)})),\"filter\"==r)return e[0]},removeHook:function(o,r,t,n){var e;null!=gform.hooks[o][r]&&(e=(e=gform.hooks[o][r]).filter(function(o,r,e){return!!(null!=n&&n!=o.tag||null!=t&&t!=o.priority)}),gform.hooks[o][r]=e)}});\n\/* ]]> *\/\n<\/script>\n\n                <div class='gf_browser_gecko gform_wrapper gform_legacy_markup_wrapper gform-theme--no-framework' data-form-theme='legacy' data-form-index='0' id='gform_wrapper_10' ><div id='gf_10' class='gform_anchor' tabindex='-1'><\/div><form method='post' enctype='multipart\/form-data' target='gform_ajax_frame_10' id='gform_10'  action='\/es\/wp-json\/wp\/v2\/pages\/2326#gf_10' data-formid='10' novalidate>\n                        <div class='gform-body gform_body'><ul id='gform_fields_10' class='gform_fields top_label form_sublabel_below description_below validation_below'><li id=\"field_10_6\" class=\"gfield gfield--type-honeypot gform_validation_container field_sublabel_below gfield--has-description field_description_below field_validation_below gfield_visibility_visible\"  ><label class='gfield_label gform-field-label' for='input_10_6'>Name<\/label><div class='ginput_container'><input name='input_6' id='input_10_6' type='text' value='' autocomplete='new-password'\/><\/div><div class='gfield_description' id='gfield_description_10_6'>Este campo es un campo de validaci\u00f3n y debe quedar sin cambios.<\/div><\/li><li id=\"field_10_1\" class=\"gfield gfield--type-text gfield_contains_required field_sublabel_below gfield--no-description field_description_below field_validation_below gfield_visibility_visible\"  ><label class='gfield_label gform-field-label' for='input_10_1'>Nombre<span class=\"gfield_required\"><span class=\"gfield_required gfield_required_asterisk\">*<\/span><\/span><\/label><div class='ginput_container ginput_container_text'><input name='input_1' id='input_10_1' type='text' value='' class='medium'   tabindex='9999'  aria-required=\"true\" aria-invalid=\"false\"   \/><\/div><\/li><li id=\"field_10_3\" class=\"gfield gfield--type-text gfield_contains_required field_sublabel_below gfield--no-description field_description_below field_validation_below gfield_visibility_visible\"  ><label class='gfield_label gform-field-label' for='input_10_3'>N\u00famero de tel\u00e9fono<span class=\"gfield_required\"><span class=\"gfield_required gfield_required_asterisk\">*<\/span><\/span><\/label><div class='ginput_container ginput_container_text'><input name='input_3' id='input_10_3' type='text' value='' class='medium'   tabindex='10000'  aria-required=\"true\" aria-invalid=\"false\"   \/><\/div><\/li><li id=\"field_10_2\" class=\"gfield gfield--type-email gfield_contains_required field_sublabel_below gfield--no-description field_description_below field_validation_below gfield_visibility_visible\"  ><label class='gfield_label gform-field-label' for='input_10_2'>Correo electr\u00f3nico<span class=\"gfield_required\"><span class=\"gfield_required gfield_required_asterisk\">*<\/span><\/span><\/label><div class='ginput_container ginput_container_email'>\n                            <input name='input_2' id='input_10_2' type='email' value='' class='medium' tabindex='10001'   aria-required=\"true\" aria-invalid=\"false\"  \/>\n                        <\/div><\/li><li id=\"field_10_5\" class=\"gfield gfield--type-select gfield_contains_required field_sublabel_below gfield--no-description field_description_below field_validation_below gfield_visibility_visible\"  ><label class='gfield_label gform-field-label' for='input_10_5'>Servicio<span class=\"gfield_required\"><span class=\"gfield_required gfield_required_asterisk\">*<\/span><\/span><\/label><div class='ginput_container ginput_container_select'><select name='input_5' id='input_10_5' class='large gfield_select' tabindex='10002'   aria-required=\"true\" aria-invalid=\"false\" ><option value='' selected='selected' class='gf_placeholder'>Seleccionar servicio<\/option><option value='Traslado Ilha Grande (Angra dos Reis): ida y hasta 4 personas. ($ 600 \/ una vez)' >Traslado Ilha Grande (Angra dos Reis): ida y hasta 4 personas. ($ 600 \/ una vez)<\/option><option value='Traslado Ilha Grande (Angra dos Reis): ida y hasta 3 personas. ($ 500 \/ una vez)' >Traslado Ilha Grande (Angra dos Reis): ida y hasta 3 personas. ($ 500 \/ una vez)<\/option><option value='Traslado Ilha Grande (Concei\u00e7\u00e3o do Jacare\u00ed) - Solo ida y hasta 4 personas. (R $ 550 \/ una vez)' >Traslado Ilha Grande (Concei\u00e7\u00e3o do Jacare\u00ed) - Solo ida y hasta 4 personas. (R $ 550 \/ una vez)<\/option><option value='Traslado Ilha Grande (Concei\u00e7\u00e3o do Jacare\u00ed) - Solo ida y hasta 3 personas. (R $ 450 \/ una vez)' >Traslado Ilha Grande (Concei\u00e7\u00e3o do Jacare\u00ed) - Solo ida y hasta 3 personas. (R $ 450 \/ una vez)<\/option><option value='Transfer Buzios: ida y hasta 4 personas (R $ 600 \/ una vez)' >Transfer Buzios: ida y hasta 4 personas (R $ 600 \/ una vez)<\/option><option value='Transfer Buzios: ida y hasta 3 personas (R $ 500 \/ una vez)' >Transfer Buzios: ida y hasta 3 personas (R $ 500 \/ una vez)<\/option><\/select><\/div><\/li><li id=\"field_10_4\" class=\"gfield gfield--type-textarea field_sublabel_below gfield--no-description field_description_below field_validation_below gfield_visibility_visible\"  ><label class='gfield_label gform-field-label' for='input_10_4'>Mensaje<\/label><div class='ginput_container ginput_container_textarea'><textarea name='input_4' id='input_10_4' class='textarea medium' tabindex='10003'     aria-invalid=\"false\"   rows='10' cols='50'><\/textarea><\/div><\/li><\/ul><\/div>\n        <div class='gform-footer gform_footer top_label'> <input type='submit' id='gform_submit_button_10' class='gform_button button' onclick='gform.submission.handleButtonClick(this);' data-submission-type='submit' value='Enviar' tabindex='10004' \/> <input type='hidden' name='gform_ajax' value='form_id=10&amp;title=&amp;description=&amp;tabindex=9999&amp;theme=legacy&amp;styles=[]&amp;hash=6f1612587605a0f122e3b0c0d1def144' \/>\n            <input type='hidden' class='gform_hidden' name='gform_submission_method' data-js='gform_submission_method_10' value='iframe' \/>\n            <input type='hidden' class='gform_hidden' name='gform_theme' data-js='gform_theme_10' id='gform_theme_10' value='legacy' \/>\n            <input type='hidden' class='gform_hidden' name='gform_style_settings' data-js='gform_style_settings_10' id='gform_style_settings_10' value='[]' \/>\n            <input type='hidden' class='gform_hidden' name='is_submit_10' value='1' \/>\n            <input type='hidden' class='gform_hidden' name='gform_submit' value='10' \/>\n            \n            <input type='hidden' class='gform_hidden' name='gform_currency' data-currency='USD' value='iYvHQN5lBy3v80+SuA7iMmkWQ2rEa4+mA\/po9Fa3sWJ9vrUdS2wWsggl\/DHDxbj5dC6UVFWfOn6TJlyxvfkQnkChMIZ2KvOfO9nDRyOPKmdKVjc=' \/>\n            <input type='hidden' class='gform_hidden' name='gform_unique_id' value='' \/>\n            <input type='hidden' class='gform_hidden' name='state_10' value='WyJbXSIsIjkxNGVhOWM2ZjE3NWIwMjdjMDZiZWQzZjQ0MjFmMzJjIl0=' \/>\n            <input type='hidden' autocomplete='off' class='gform_hidden' name='gform_target_page_number_10' id='gform_target_page_number_10' value='0' \/>\n            <input type='hidden' autocomplete='off' class='gform_hidden' name='gform_source_page_number_10' id='gform_source_page_number_10' value='1' \/>\n            <input type='hidden' name='gform_field_values' value='' \/>\n            \n        <\/div>\n                        <\/form>\n                        <\/div>\n\t\t                <iframe style='display:none;width:0px;height:0px;' src='about:blank' name='gform_ajax_frame_10' id='gform_ajax_frame_10' title='Este iframe contiene la l\u00f3gica necesaria para gestionar formularios con ajax activado.'><\/iframe>\n\t\t                <script type=\"text\/javascript\">\n\/* <![CDATA[ *\/\n gform.initializeOnLoaded( function() {gformInitSpinner( 10, 'https:\/\/casacaminhodocorcovado.com.br\/wp-content\/plugins\/gravityforms\/images\/spinner.svg', true );jQuery('#gform_ajax_frame_10').on('load',function(){var contents = jQuery(this).contents().find('*').html();var is_postback = contents.indexOf('GF_AJAX_POSTBACK') >= 0;if(!is_postback){return;}var form_content = jQuery(this).contents().find('#gform_wrapper_10');var is_confirmation = jQuery(this).contents().find('#gform_confirmation_wrapper_10').length > 0;var is_redirect = contents.indexOf('gformRedirect(){') >= 0;var is_form = form_content.length > 0 && ! is_redirect && ! is_confirmation;var mt = parseInt(jQuery('html').css('margin-top'), 10) + parseInt(jQuery('body').css('margin-top'), 10) + 100;if(is_form){jQuery('#gform_wrapper_10').html(form_content.html());if(form_content.hasClass('gform_validation_error')){jQuery('#gform_wrapper_10').addClass('gform_validation_error');} else {jQuery('#gform_wrapper_10').removeClass('gform_validation_error');}setTimeout( function() { \/* delay the scroll by 50 milliseconds to fix a bug in chrome *\/ jQuery(document).scrollTop(jQuery('#gform_wrapper_10').offset().top - mt); }, 50 );if(window['gformInitDatepicker']) {gformInitDatepicker();}if(window['gformInitPriceFields']) {gformInitPriceFields();}var current_page = jQuery('#gform_source_page_number_10').val();gformInitSpinner( 10, 'https:\/\/casacaminhodocorcovado.com.br\/wp-content\/plugins\/gravityforms\/images\/spinner.svg', true );jQuery(document).trigger('gform_page_loaded', [10, current_page]);window['gf_submitting_10'] = false;}else if(!is_redirect){var confirmation_content = jQuery(this).contents().find('.GF_AJAX_POSTBACK').html();if(!confirmation_content){confirmation_content = contents;}jQuery('#gform_wrapper_10').replaceWith(confirmation_content);jQuery(document).scrollTop(jQuery('#gf_10').offset().top - mt);jQuery(document).trigger('gform_confirmation_loaded', [10]);window['gf_submitting_10'] = false;wp.a11y.speak(jQuery('#gform_confirmation_message_10').text());}else{jQuery('#gform_10').append(contents);if(window['gformRedirect']) {gformRedirect();}}jQuery(document).trigger(\"gform_pre_post_render\", [{ formId: \"10\", currentPage: \"current_page\", abort: function() { this.preventDefault(); } }]);        if (event && event.defaultPrevented) {                return;        }        const gformWrapperDiv = document.getElementById( \"gform_wrapper_10\" );        if ( gformWrapperDiv ) {            const visibilitySpan = document.createElement( \"span\" );            visibilitySpan.id = \"gform_visibility_test_10\";            gformWrapperDiv.insertAdjacentElement( \"afterend\", visibilitySpan );        }        const visibilityTestDiv = document.getElementById( \"gform_visibility_test_10\" );        let postRenderFired = false;        function triggerPostRender() {            if ( postRenderFired ) {                return;            }            postRenderFired = true;            gform.core.triggerPostRenderEvents( 10, current_page );            if ( visibilityTestDiv ) {                visibilityTestDiv.parentNode.removeChild( visibilityTestDiv );            }        }        function debounce( func, wait, immediate ) {            var timeout;            return function() {                var context = this, args = arguments;                var later = function() {                    timeout = null;                    if ( !immediate ) func.apply( context, args );                };                var callNow = immediate && !timeout;                clearTimeout( timeout );                timeout = setTimeout( later, wait );                if ( callNow ) func.apply( context, args );            };        }        const debouncedTriggerPostRender = debounce( function() {            triggerPostRender();        }, 200 );        if ( visibilityTestDiv && visibilityTestDiv.offsetParent === null ) {            const observer = new MutationObserver( ( mutations ) => {                mutations.forEach( ( mutation ) => {                    if ( mutation.type === 'attributes' && visibilityTestDiv.offsetParent !== null ) {                        debouncedTriggerPostRender();                        observer.disconnect();                    }                });            });            observer.observe( document.body, {                attributes: true,                childList: false,                subtree: true,                attributeFilter: [ 'style', 'class' ],            });        } else {            triggerPostRender();        }    } );} ); \n\/* ]]> *\/\n<\/script>\n\n","protected":false},"excerpt":{"rendered":"<p>Todos los valores de transferencia se refieren a las rutas en la lista presentada, comenzando en Casa Caminho do Corcovado, de una manera. Otras ubicaciones, por favor env\u00ede una consulta. CASA PATH OF CORCOVADO ofrece diversos servicios personalizados, de acuerdo a las necesidades y deseos del hu\u00e9sped. Transferir B\u00fazios R $ 500,00. Unidireccional y hasta [&hellip;]<\/p>\n","protected":false},"author":1,"featured_media":2227,"parent":2324,"menu_order":0,"comment_status":"closed","ping_status":"closed","template":"","meta":{"inline_featured_image":false,"_joinchat":[],"footnotes":""},"class_list":["post-2326","page","type-page","status-publish","has-post-thumbnail","hentry"],"amp_enabled":true,"_links":{"self":[{"href":"https:\/\/casacaminhodocorcovado.com.br\/es\/wp-json\/wp\/v2\/pages\/2326","targetHints":{"allow":["GET"]}}],"collection":[{"href":"https:\/\/casacaminhodocorcovado.com.br\/es\/wp-json\/wp\/v2\/pages"}],"about":[{"href":"https:\/\/casacaminhodocorcovado.com.br\/es\/wp-json\/wp\/v2\/types\/page"}],"author":[{"embeddable":true,"href":"https:\/\/casacaminhodocorcovado.com.br\/es\/wp-json\/wp\/v2\/users\/1"}],"replies":[{"embeddable":true,"href":"https:\/\/casacaminhodocorcovado.com.br\/es\/wp-json\/wp\/v2\/comments?post=2326"}],"version-history":[{"count":3,"href":"https:\/\/casacaminhodocorcovado.com.br\/es\/wp-json\/wp\/v2\/pages\/2326\/revisions"}],"predecessor-version":[{"id":2503,"href":"https:\/\/casacaminhodocorcovado.com.br\/es\/wp-json\/wp\/v2\/pages\/2326\/revisions\/2503"}],"up":[{"embeddable":true,"href":"https:\/\/casacaminhodocorcovado.com.br\/es\/wp-json\/wp\/v2\/pages\/2324"}],"wp:featuredmedia":[{"embeddable":true,"href":"https:\/\/casacaminhodocorcovado.com.br\/es\/wp-json\/wp\/v2\/media\/2227"}],"wp:attachment":[{"href":"https:\/\/casacaminhodocorcovado.com.br\/es\/wp-json\/wp\/v2\/media?parent=2326"}],"curies":[{"name":"wp","href":"https:\/\/api.w.org\/{rel}","templated":true}]}}