{"id":2328,"date":"2019-12-19T13:46:43","date_gmt":"2019-12-19T16:46:43","guid":{"rendered":"https:\/\/casacaminhodocorcovado.com.br\/?page_id=2328"},"modified":"2020-01-06T17:48:32","modified_gmt":"2020-01-06T20:48:32","slug":"tours","status":"publish","type":"page","link":"https:\/\/casacaminhodocorcovado.com.br\/es\/servicios\/tours\/","title":{"rendered":"Tours"},"content":{"rendered":"<p><strong>Todos los precios de los tours comienzan en Casa Caminho do Corcovado ida y vuelta. Otras ubicaciones, por favor env\u00ede una consulta.<\/strong><\/p>\n<p>Todos nuestros tours son privados y se pueden personalizar seg\u00fan las preferencias de los hu\u00e9spedes.<\/p>\n<h3>City tour: (duraci\u00f3n 5h)<\/h3>\n<p><strong>Precio: hasta 3 personas &#8211; R $ 500,00<\/strong><br \/>\n<strong>4 personas &#8211; R $ 600,00<\/strong><\/p>\n<p>Gui\u00f3n:<\/p>\n<ul>\n<li>Salida del hotel despu\u00e9s del desayuno.<\/li>\n<li>Estadio Maracan\u00e1 (visita exterior)<\/li>\n<li>Samb\u00f3dromo<\/li>\n<li>Barrio Lapa (Acueducto y Escalera de Selaron)<\/li>\n<li>Centro Hist\u00f3rico (Catedral Metropolitana y Monasterio de Sao Bento)<\/li>\n<li>Barrio de Santa Teresa (Parque de Ruinas, Largo dos Guimar\u00e3es y<\/li>\n<li>Largo do Curvelo)<\/li>\n<li>Parque Nacional Tijuca (Mirador Dona Marta)<\/li>\n<li>Laguna Rodrigo de Freitas<\/li>\n<li>Playa Leblon (Mirador Leblon)<\/li>\n<li>Playa Ipanema<\/li>\n<li>Playa de Copacabana<\/li>\n<li>Playa Leme<\/li>\n<li>Barrio Urca (Pan de Az\u00facar). Boletos de visita no incluidos.<\/li>\n<\/ul>\n<p><em>Teniendo en cuenta la proximidad del hotel a Corcovado, este punto no<\/em><br \/>\n<em>est\u00e1 incluido en el recorrido por la ciudad, los hu\u00e9spedes pueden hacer la visita por su cuenta<\/em><br \/>\n<em>propio<\/em><\/p>\n<h3>Amanecer en el Mirador Dona Marta (2h de duraci\u00f3n)<\/h3>\n<p><strong>Monto R $ 100,00 por persona<\/strong><br \/>\n<strong>Salida a las 4:30 a.m.<\/strong><\/p>\n<ul>\n<li>Visita al mirador para esperar el amanecer sobre la ciudad de R\u00edo<br \/>\nde Janeiro y el helipuerto.<\/li>\n<li>Regreso a las 6:15 p.m.<\/li>\n<\/ul>\n<h3>B\u00fazios (d\u00eda completo)<\/h3>\n<p><strong>Valor hasta 3 personas R $ 650,00<\/strong><br \/>\n<strong>4 personas R $ 750,00<\/strong><\/p>\n<p>Gui\u00f3n:<\/p>\n<ul>\n<li>Salida del hotel a las 8:30 a.m.<\/li>\n<li>Llegada a Buzios a las 11:00 h.<\/li>\n<li>Paseo en barco por las playas (3h de viaje). No incluido<\/li>\n<li>Una playa m\u00e1s preferida por el cliente<\/li>\n<li>Tiempo libre en la Rua das Pedras y el paseo mar\u00edtimo de Bardot<\/li>\n<li>Salida hacia RJ a las 18:00h<\/li>\n<li>Llegada a RJ a las 20:30h<\/li>\n<\/ul>\n<h3>Tour Arraial do Cabo (d\u00eda completo)<\/h3>\n<p><strong>Valor hasta 3 personas R $ 650,00<\/strong><br \/>\n<strong>4 personas R $ 750,00<\/strong><\/p>\n<ul>\n<li>Gui\u00f3n:<\/li>\n<li>Salida del hotel a las 8:30 a.m.<\/li>\n<li>Llegada al pueblo a las 11h.<\/li>\n<li>Paseo en barco (playas de Pontal, isla del faro, cara de mono, hendidura de Nuestra Se\u00f1ora, Gruta Azul, Praia do Forno): duraci\u00f3n 5h.<\/li>\n<li>El valor promedio por persona R $ 60,00 se puede cambiar seg\u00fan las temporadas alta y baja.<\/li>\n<li>Salida para regresar a RJ a las 18:00<\/li>\n<li>Llegada a RJ a las 20: 30h<\/li>\n<\/ul>\n<p>&nbsp;<\/p>\n<h3>Petr\u00f3polis Tour (duraci\u00f3n 8 h)<\/h3>\n<p><strong>Valor para hasta 3 personas R $ 550,00<\/strong><br \/>\n<strong>4 personas R $ 650,00<\/strong><\/p>\n<p>Gui\u00f3n:<\/p>\n<ul>\n<li>Salida del hotel a las 8:30 a.m.<\/li>\n<li>Descanso en Serra Lookout<\/li>\n<li>Visita al Hotel Casino Quitandinha<\/li>\n<li>Visita al centro historico<\/li>\n<li>Emperador Av.<\/li>\n<li>Museo imperial<\/li>\n<li>Catedral neog\u00f3tica<\/li>\n<li>Av. Koeler<\/li>\n<li>Casa Santos Dumont<\/li>\n<li>Reloj de flores<\/li>\n<li>Palacio de cristal<\/li>\n<li>Llegada a las 10:00<\/li>\n<li>Salida de Petr\u00f3polis para regresar a RJ a las 16: 30h.<\/li>\n<li>Llegada a RJ a las 18h<\/li>\n<\/ul>\n<h3>Tour Niter\u00f3i (duraci\u00f3n 6: 00h)<\/h3>\n<p><strong>Valor hasta 3 personas R $ 550,00<\/strong><br \/>\n<strong>4 personas R $ 650,00<\/strong><\/p>\n<ul>\n<li>Guion<\/li>\n<li>Salida del hotel a las 8:30.<\/li>\n<li>Puente del r\u00edo Niter\u00f3i<\/li>\n<li>Camino de Niemeyer<\/li>\n<li>MAC (Museo de Arte Contempor\u00e1neo)<\/li>\n<li>Playa de flechas<\/li>\n<li>Playa Icarai<\/li>\n<li>Playa de san francisco<\/li>\n<li>Fortaleza de Santa Cruz<\/li>\n<li>Salida RJ<\/li>\n<\/ul>\n<p>&nbsp;<\/p>\n<h3>Tour de Paraty (d\u00eda completo)<\/h3>\n<p><strong>Valor para hasta 3 personas R $ 700,00<\/strong><\/p>\n<p><strong>4 personas R $ 800,00<\/strong><\/p>\n<ul>\n<li>Salida del hotel a las 8:30.<\/li>\n<li>Llegada a Paraty a las 12h<\/li>\n<li>Visita al centro hist\u00f3rico de Paraty.<\/li>\n<li>Salida hacia RJ a las 17h. Llegada a RJ a las 21h.<\/li>\n<li>Servicio de reserva previa<\/li>\n<\/ul>\n<p>&nbsp;<\/p>\n<h3><strong>Servicio de reserva previa<\/strong><\/h3>\n<script type=\"text\/javascript\">\n\/* <![CDATA[ *\/\nvar gform;gform||(document.addEventListener(\"gform_main_scripts_loaded\",function(){gform.scriptsLoaded=!0}),document.addEventListener(\"gform\/theme\/scripts_loaded\",function(){gform.themeScriptsLoaded=!0}),window.addEventListener(\"DOMContentLoaded\",function(){gform.domLoaded=!0}),gform={domLoaded:!1,scriptsLoaded:!1,themeScriptsLoaded:!1,isFormEditor:()=>\"function\"==typeof InitializeEditor,callIfLoaded:function(o){return!(!gform.domLoaded||!gform.scriptsLoaded||!gform.themeScriptsLoaded&&!gform.isFormEditor()||(gform.isFormEditor()&&console.warn(\"The use of gform.initializeOnLoaded() is deprecated in the form editor context and will be removed in Gravity Forms 3.1.\"),o(),0))},initializeOnLoaded:function(o){gform.callIfLoaded(o)||(document.addEventListener(\"gform_main_scripts_loaded\",()=>{gform.scriptsLoaded=!0,gform.callIfLoaded(o)}),document.addEventListener(\"gform\/theme\/scripts_loaded\",()=>{gform.themeScriptsLoaded=!0,gform.callIfLoaded(o)}),window.addEventListener(\"DOMContentLoaded\",()=>{gform.domLoaded=!0,gform.callIfLoaded(o)}))},hooks:{action:{},filter:{}},addAction:function(o,r,e,t){gform.addHook(\"action\",o,r,e,t)},addFilter:function(o,r,e,t){gform.addHook(\"filter\",o,r,e,t)},doAction:function(o){gform.doHook(\"action\",o,arguments)},applyFilters:function(o){return gform.doHook(\"filter\",o,arguments)},removeAction:function(o,r){gform.removeHook(\"action\",o,r)},removeFilter:function(o,r,e){gform.removeHook(\"filter\",o,r,e)},addHook:function(o,r,e,t,n){null==gform.hooks[o][r]&&(gform.hooks[o][r]=[]);var d=gform.hooks[o][r];null==n&&(n=r+\"_\"+d.length),gform.hooks[o][r].push({tag:n,callable:e,priority:t=null==t?10:t})},doHook:function(r,o,e){var t;if(e=Array.prototype.slice.call(e,1),null!=gform.hooks[r][o]&&((o=gform.hooks[r][o]).sort(function(o,r){return o.priority-r.priority}),o.forEach(function(o){\"function\"!=typeof(t=o.callable)&&(t=window[t]),\"action\"==r?t.apply(null,e):e[0]=t.apply(null,e)})),\"filter\"==r)return e[0]},removeHook:function(o,r,t,n){var e;null!=gform.hooks[o][r]&&(e=(e=gform.hooks[o][r]).filter(function(o,r,e){return!!(null!=n&&n!=o.tag||null!=t&&t!=o.priority)}),gform.hooks[o][r]=e)}});\n\/* ]]> *\/\n<\/script>\n\n                <div class='gf_browser_gecko gform_wrapper gform_legacy_markup_wrapper gform-theme--no-framework' data-form-theme='legacy' data-form-index='0' id='gform_wrapper_11' ><div id='gf_11' class='gform_anchor' tabindex='-1'><\/div><form method='post' enctype='multipart\/form-data' target='gform_ajax_frame_11' id='gform_11'  action='\/es\/wp-json\/wp\/v2\/pages\/2328#gf_11' data-formid='11' novalidate>\n                        <div class='gform-body gform_body'><ul id='gform_fields_11' class='gform_fields top_label form_sublabel_below description_below validation_below'><li id=\"field_11_6\" class=\"gfield gfield--type-honeypot gform_validation_container field_sublabel_below gfield--has-description field_description_below field_validation_below gfield_visibility_visible\"  ><label class='gfield_label gform-field-label' for='input_11_6'>Name<\/label><div class='ginput_container'><input name='input_6' id='input_11_6' type='text' value='' autocomplete='new-password'\/><\/div><div class='gfield_description' id='gfield_description_11_6'>Este campo es un campo de validaci\u00f3n y debe quedar sin cambios.<\/div><\/li><li id=\"field_11_1\" class=\"gfield gfield--type-text gfield_contains_required field_sublabel_below gfield--no-description field_description_below field_validation_below gfield_visibility_visible\"  ><label class='gfield_label gform-field-label' for='input_11_1'>Nombre<span class=\"gfield_required\"><span class=\"gfield_required gfield_required_asterisk\">*<\/span><\/span><\/label><div class='ginput_container ginput_container_text'><input name='input_1' id='input_11_1' type='text' value='' class='medium'   tabindex='9999'  aria-required=\"true\" aria-invalid=\"false\"   \/><\/div><\/li><li id=\"field_11_3\" class=\"gfield gfield--type-text gfield_contains_required field_sublabel_below gfield--no-description field_description_below field_validation_below gfield_visibility_visible\"  ><label class='gfield_label gform-field-label' for='input_11_3'>N\u00famero de tel\u00e9fono<span class=\"gfield_required\"><span class=\"gfield_required gfield_required_asterisk\">*<\/span><\/span><\/label><div class='ginput_container ginput_container_text'><input name='input_3' id='input_11_3' type='text' value='' class='medium'   tabindex='10000'  aria-required=\"true\" aria-invalid=\"false\"   \/><\/div><\/li><li id=\"field_11_2\" class=\"gfield gfield--type-email gfield_contains_required field_sublabel_below gfield--no-description field_description_below field_validation_below gfield_visibility_visible\"  ><label class='gfield_label gform-field-label' for='input_11_2'>Correo electr\u00f3nico<span class=\"gfield_required\"><span class=\"gfield_required gfield_required_asterisk\">*<\/span><\/span><\/label><div class='ginput_container ginput_container_email'>\n                            <input name='input_2' id='input_11_2' type='email' value='' class='medium' tabindex='10001'   aria-required=\"true\" aria-invalid=\"false\"  \/>\n                        <\/div><\/li><li id=\"field_11_5\" class=\"gfield gfield--type-select gfield_contains_required field_sublabel_below gfield--no-description field_description_below field_validation_below gfield_visibility_visible\"  ><label class='gfield_label gform-field-label' for='input_11_5'>Servicio<span class=\"gfield_required\"><span class=\"gfield_required gfield_required_asterisk\">*<\/span><\/span><\/label><div class='ginput_container ginput_container_select'><select name='input_5' id='input_11_5' class='large gfield_select' tabindex='10002'   aria-required=\"true\" aria-invalid=\"false\" ><option value='' selected='selected' class='gf_placeholder'>Seleccionar servicio<\/option><option value='Paraty Tour (d\u00eda completo) - hasta 3 personas (R $ 700 \/ una vez)' >Paraty Tour (d\u00eda completo) - hasta 3 personas (R $ 700 \/ una vez)<\/option><option value='Tour Niter\u00f3i (duraci\u00f3n 6: 00h) - 4 personas (R $ 650 \/ una vez)' >Tour Niter\u00f3i (duraci\u00f3n 6: 00h) - 4 personas (R $ 650 \/ una vez)<\/option><option value='Tour Niter\u00f3i (Duraci\u00f3n 6: 00h) - 3 personas (R $ 550 \/ Una vez)' >Tour Niter\u00f3i (Duraci\u00f3n 6: 00h) - 3 personas (R $ 550 \/ Una vez)<\/option><option value='Petr\u00f3polis Tour (duraci\u00f3n 8 h) - hasta 4 personas (R $ 650 \/ una vez)' >Petr\u00f3polis Tour (duraci\u00f3n 8 h) - hasta 4 personas (R $ 650 \/ una vez)<\/option><option value='Petr\u00f3polis Tour (duraci\u00f3n 8 h) - hasta 3 personas (R $ 550 \/ una vez)' >Petr\u00f3polis Tour (duraci\u00f3n 8 h) - hasta 3 personas (R $ 550 \/ una vez)<\/option><option value='Tour Arraial do Cabo (d\u00eda completo) - hasta 4 personas (R $ 750 \/ una vez)' >Tour Arraial do Cabo (d\u00eda completo) - hasta 4 personas (R $ 750 \/ una vez)<\/option><option value='Tour Arraial do Cabo (d\u00eda completo) - hasta 3 personas (R $ 650 \/ una vez)' >Tour Arraial do Cabo (d\u00eda completo) - hasta 3 personas (R $ 650 \/ una vez)<\/option><option value='Buzios (d\u00eda completo) - 4 personas (R $ 750 \/ una vez)' >Buzios (d\u00eda completo) - 4 personas (R $ 750 \/ una vez)<\/option><option value='B\u00fazios (dia inteiro) \u2013 at\u00e9 3 pessoas (R$650 \/ Uma vez) 54\/5000 Buzios (d\u00eda completo) - hasta 3 personas (R $ 650 \/ una vez) Enviar feedback Hist\u00f3rico Salvas Comunidade Tradu\u00e7\u00e3o copiada' >B\u00fazios (dia inteiro) \u2013 at\u00e9 3 pessoas (R$650 \/ Uma vez) 54\/5000 Buzios (d\u00eda completo) - hasta 3 personas (R $ 650 \/ una vez) Enviar feedback Hist\u00f3rico Salvas Comunidade Tradu\u00e7\u00e3o copiada<\/option><option value='Amanecer en el Mirador de Dona Marta (2 horas de duraci\u00f3n) (R $ 100 \/ una vez)' >Amanecer en el Mirador de Dona Marta (2 horas de duraci\u00f3n) (R $ 100 \/ una vez)<\/option><option value='City tour: (duraci\u00f3n 5 h) - hasta 4 personas (R $ 600 \/ una vez)' >City tour: (duraci\u00f3n 5 h) - hasta 4 personas (R $ 600 \/ una vez)<\/option><option value='City tour: (duraci\u00f3n 5 h) - hasta 3 personas (R $ 500 \/ una vez)' >City tour: (duraci\u00f3n 5 h) - hasta 3 personas (R $ 500 \/ una vez)<\/option><\/select><\/div><\/li><li id=\"field_11_4\" class=\"gfield gfield--type-textarea field_sublabel_below gfield--no-description field_description_below field_validation_below gfield_visibility_visible\"  ><label class='gfield_label gform-field-label' for='input_11_4'>Mensaje<\/label><div class='ginput_container ginput_container_textarea'><textarea name='input_4' id='input_11_4' class='textarea medium' tabindex='10003'     aria-invalid=\"false\"   rows='10' cols='50'><\/textarea><\/div><\/li><\/ul><\/div>\n        <div class='gform-footer gform_footer top_label'> <input type='submit' id='gform_submit_button_11' class='gform_button button' onclick='gform.submission.handleButtonClick(this);' data-submission-type='submit' value='Enviar' tabindex='10004' \/> <input type='hidden' name='gform_ajax' value='form_id=11&amp;title=&amp;description=&amp;tabindex=9999&amp;theme=legacy&amp;styles=[]&amp;hash=a34014b584832b6485673e3970df3c5e' \/>\n            <input type='hidden' class='gform_hidden' name='gform_submission_method' data-js='gform_submission_method_11' value='iframe' \/>\n            <input type='hidden' class='gform_hidden' name='gform_theme' data-js='gform_theme_11' id='gform_theme_11' value='legacy' \/>\n            <input type='hidden' class='gform_hidden' name='gform_style_settings' data-js='gform_style_settings_11' id='gform_style_settings_11' value='[]' \/>\n            <input type='hidden' class='gform_hidden' name='is_submit_11' value='1' \/>\n            <input type='hidden' class='gform_hidden' name='gform_submit' value='11' \/>\n            \n            <input type='hidden' class='gform_hidden' name='gform_currency' data-currency='USD' value='ajixVqDMveMxixww6cgTd\/RHAdizr7YIsO2U\/dXkbXoizWWOhtLpl6EqZKHYVs3IYpc1h2+QwyhYFSczJb39HYpT4gg4GLtQUxjxJ7C4VU\/zhmA=' \/>\n            <input type='hidden' class='gform_hidden' name='gform_unique_id' value='' \/>\n            <input type='hidden' class='gform_hidden' name='state_11' value='WyJbXSIsIjkxNGVhOWM2ZjE3NWIwMjdjMDZiZWQzZjQ0MjFmMzJjIl0=' \/>\n            <input type='hidden' autocomplete='off' class='gform_hidden' name='gform_target_page_number_11' id='gform_target_page_number_11' value='0' \/>\n            <input type='hidden' autocomplete='off' class='gform_hidden' name='gform_source_page_number_11' id='gform_source_page_number_11' value='1' \/>\n            <input type='hidden' name='gform_field_values' value='' \/>\n            \n        <\/div>\n                        <\/form>\n                        <\/div>\n\t\t                <iframe style='display:none;width:0px;height:0px;' src='about:blank' name='gform_ajax_frame_11' id='gform_ajax_frame_11' title='Este iframe contiene la l\u00f3gica necesaria para gestionar formularios con ajax activado.'><\/iframe>\n\t\t                <script type=\"text\/javascript\">\n\/* <![CDATA[ *\/\n gform.initializeOnLoaded( function() {gformInitSpinner( 11, 'https:\/\/casacaminhodocorcovado.com.br\/wp-content\/plugins\/gravityforms\/images\/spinner.svg', true );jQuery('#gform_ajax_frame_11').on('load',function(){var contents = jQuery(this).contents().find('*').html();var is_postback = contents.indexOf('GF_AJAX_POSTBACK') >= 0;if(!is_postback){return;}var form_content = jQuery(this).contents().find('#gform_wrapper_11');var is_confirmation = jQuery(this).contents().find('#gform_confirmation_wrapper_11').length > 0;var is_redirect = contents.indexOf('gformRedirect(){') >= 0;var is_form = form_content.length > 0 && ! is_redirect && ! is_confirmation;var mt = parseInt(jQuery('html').css('margin-top'), 10) + parseInt(jQuery('body').css('margin-top'), 10) + 100;if(is_form){jQuery('#gform_wrapper_11').html(form_content.html());if(form_content.hasClass('gform_validation_error')){jQuery('#gform_wrapper_11').addClass('gform_validation_error');} else {jQuery('#gform_wrapper_11').removeClass('gform_validation_error');}setTimeout( function() { \/* delay the scroll by 50 milliseconds to fix a bug in chrome *\/ jQuery(document).scrollTop(jQuery('#gform_wrapper_11').offset().top - mt); }, 50 );if(window['gformInitDatepicker']) {gformInitDatepicker();}if(window['gformInitPriceFields']) {gformInitPriceFields();}var current_page = jQuery('#gform_source_page_number_11').val();gformInitSpinner( 11, 'https:\/\/casacaminhodocorcovado.com.br\/wp-content\/plugins\/gravityforms\/images\/spinner.svg', true );jQuery(document).trigger('gform_page_loaded', [11, current_page]);window['gf_submitting_11'] = false;}else if(!is_redirect){var confirmation_content = jQuery(this).contents().find('.GF_AJAX_POSTBACK').html();if(!confirmation_content){confirmation_content = contents;}jQuery('#gform_wrapper_11').replaceWith(confirmation_content);jQuery(document).scrollTop(jQuery('#gf_11').offset().top - mt);jQuery(document).trigger('gform_confirmation_loaded', [11]);window['gf_submitting_11'] = false;wp.a11y.speak(jQuery('#gform_confirmation_message_11').text());}else{jQuery('#gform_11').append(contents);if(window['gformRedirect']) {gformRedirect();}}jQuery(document).trigger(\"gform_pre_post_render\", [{ formId: \"11\", currentPage: \"current_page\", abort: function() { this.preventDefault(); } }]);        if (event && event.defaultPrevented) {                return;        }        const gformWrapperDiv = document.getElementById( \"gform_wrapper_11\" );        if ( gformWrapperDiv ) {            const visibilitySpan = document.createElement( \"span\" );            visibilitySpan.id = \"gform_visibility_test_11\";            gformWrapperDiv.insertAdjacentElement( \"afterend\", visibilitySpan );        }        const visibilityTestDiv = document.getElementById( \"gform_visibility_test_11\" );        let postRenderFired = false;        function triggerPostRender() {            if ( postRenderFired ) {                return;            }            postRenderFired = true;            gform.core.triggerPostRenderEvents( 11, current_page );            if ( visibilityTestDiv ) {                visibilityTestDiv.parentNode.removeChild( visibilityTestDiv );            }        }        function debounce( func, wait, immediate ) {            var timeout;            return function() {                var context = this, args = arguments;                var later = function() {                    timeout = null;                    if ( !immediate ) func.apply( context, args );                };                var callNow = immediate && !timeout;                clearTimeout( timeout );                timeout = setTimeout( later, wait );                if ( callNow ) func.apply( context, args );            };        }        const debouncedTriggerPostRender = debounce( function() {            triggerPostRender();        }, 200 );        if ( visibilityTestDiv && visibilityTestDiv.offsetParent === null ) {            const observer = new MutationObserver( ( mutations ) => {                mutations.forEach( ( mutation ) => {                    if ( mutation.type === 'attributes' && visibilityTestDiv.offsetParent !== null ) {                        debouncedTriggerPostRender();                        observer.disconnect();                    }                });            });            observer.observe( document.body, {                attributes: true,                childList: false,                subtree: true,                attributeFilter: [ 'style', 'class' ],            });        } else {            triggerPostRender();        }    } );} ); \n\/* ]]> *\/\n<\/script>\n\n","protected":false},"excerpt":{"rendered":"<p>Todos los precios de los tours comienzan en Casa Caminho do Corcovado ida y vuelta. Otras ubicaciones, por favor env\u00ede una consulta. Todos nuestros tours son privados y se pueden personalizar seg\u00fan las preferencias de los hu\u00e9spedes. City tour: (duraci\u00f3n 5h) Precio: hasta 3 personas &#8211; R $ 500,00 4 personas &#8211; R $ 600,00 [&hellip;]<\/p>\n","protected":false},"author":1,"featured_media":2201,"parent":2324,"menu_order":0,"comment_status":"closed","ping_status":"closed","template":"","meta":{"inline_featured_image":false,"_joinchat":[],"footnotes":""},"class_list":["post-2328","page","type-page","status-publish","has-post-thumbnail","hentry"],"amp_enabled":true,"_links":{"self":[{"href":"https:\/\/casacaminhodocorcovado.com.br\/es\/wp-json\/wp\/v2\/pages\/2328","targetHints":{"allow":["GET"]}}],"collection":[{"href":"https:\/\/casacaminhodocorcovado.com.br\/es\/wp-json\/wp\/v2\/pages"}],"about":[{"href":"https:\/\/casacaminhodocorcovado.com.br\/es\/wp-json\/wp\/v2\/types\/page"}],"author":[{"embeddable":true,"href":"https:\/\/casacaminhodocorcovado.com.br\/es\/wp-json\/wp\/v2\/users\/1"}],"replies":[{"embeddable":true,"href":"https:\/\/casacaminhodocorcovado.com.br\/es\/wp-json\/wp\/v2\/comments?post=2328"}],"version-history":[{"count":6,"href":"https:\/\/casacaminhodocorcovado.com.br\/es\/wp-json\/wp\/v2\/pages\/2328\/revisions"}],"predecessor-version":[{"id":2516,"href":"https:\/\/casacaminhodocorcovado.com.br\/es\/wp-json\/wp\/v2\/pages\/2328\/revisions\/2516"}],"up":[{"embeddable":true,"href":"https:\/\/casacaminhodocorcovado.com.br\/es\/wp-json\/wp\/v2\/pages\/2324"}],"wp:featuredmedia":[{"embeddable":true,"href":"https:\/\/casacaminhodocorcovado.com.br\/es\/wp-json\/wp\/v2\/media\/2201"}],"wp:attachment":[{"href":"https:\/\/casacaminhodocorcovado.com.br\/es\/wp-json\/wp\/v2\/media?parent=2328"}],"curies":[{"name":"wp","href":"https:\/\/api.w.org\/{rel}","templated":true}]}}