{"id":2331,"date":"2019-12-19T13:48:17","date_gmt":"2019-12-19T16:48:17","guid":{"rendered":"https:\/\/casacaminhodocorcovado.com.br\/?page_id=2331"},"modified":"2020-01-06T17:19:46","modified_gmt":"2020-01-06T20:19:46","slug":"traslados-al-aeropuerto","status":"publish","type":"page","link":"https:\/\/casacaminhodocorcovado.com.br\/es\/servicios\/traslados-al-aeropuerto\/","title":{"rendered":"Traslados al aeropuerto"},"content":{"rendered":"<p><strong>Todos los precios de transferencia se refieren a las rutas de ida y vuelta Aeropuerto&gt; Casa Caminho do Corcovado. Otras ubicaciones, por favor env\u00ede una consulta.<\/strong><\/p>\n<p><strong>Tenga en cuenta que las transferencias en fechas especiales como la v\u00edspera de A\u00f1o Nuevo y el Carnaval se incrementan en un 10% sobre el precio de lista.<\/strong><\/p>\n<p>CASA PATH OF CORCOVADO ofrece servicios de transporte de forma segura y c\u00f3moda. Coche de lujo con aire acondicionado para hasta 4 pasajeros. Le esperamos en la puerta de arribos con su nombre en la placa de identificaci\u00f3n. Seguridad total<\/p>\n<p>1.1 &#8211; Aeropuerto Internacional Tom Jobim (Gale\u00e3o)<br \/>\nUbicado a 25 km del centro de R\u00edo. Valor de transferencia R $ 140,00 hasta 3 personas y R $ 160,00 para 4 personas. Ida y vuelta R $ 250,00 y R $ 270,00 respectivamente.<\/p>\n<p>1.2 &#8211; Aeropuerto Santos Dumont<br \/>\nUbicado en el centro de R\u00edo de Janeiro. Cantidad de transferencia R $ 90,00 para hasta 3 personas y R $ 100,00 para 4 personas. Ida y vuelta R $ 150,00 y 170,00 respectivamente.<\/p>\n<p>&nbsp;<\/p>\n<h3>Servicio de reserva previa<\/h3>\n<script type=\"text\/javascript\">\n\/* <![CDATA[ *\/\nvar gform;gform||(document.addEventListener(\"gform_main_scripts_loaded\",function(){gform.scriptsLoaded=!0}),document.addEventListener(\"gform\/theme\/scripts_loaded\",function(){gform.themeScriptsLoaded=!0}),window.addEventListener(\"DOMContentLoaded\",function(){gform.domLoaded=!0}),gform={domLoaded:!1,scriptsLoaded:!1,themeScriptsLoaded:!1,isFormEditor:()=>\"function\"==typeof InitializeEditor,callIfLoaded:function(o){return!(!gform.domLoaded||!gform.scriptsLoaded||!gform.themeScriptsLoaded&&!gform.isFormEditor()||(gform.isFormEditor()&&console.warn(\"The use of gform.initializeOnLoaded() is deprecated in the form editor context and will be removed in Gravity Forms 3.1.\"),o(),0))},initializeOnLoaded:function(o){gform.callIfLoaded(o)||(document.addEventListener(\"gform_main_scripts_loaded\",()=>{gform.scriptsLoaded=!0,gform.callIfLoaded(o)}),document.addEventListener(\"gform\/theme\/scripts_loaded\",()=>{gform.themeScriptsLoaded=!0,gform.callIfLoaded(o)}),window.addEventListener(\"DOMContentLoaded\",()=>{gform.domLoaded=!0,gform.callIfLoaded(o)}))},hooks:{action:{},filter:{}},addAction:function(o,r,e,t){gform.addHook(\"action\",o,r,e,t)},addFilter:function(o,r,e,t){gform.addHook(\"filter\",o,r,e,t)},doAction:function(o){gform.doHook(\"action\",o,arguments)},applyFilters:function(o){return gform.doHook(\"filter\",o,arguments)},removeAction:function(o,r){gform.removeHook(\"action\",o,r)},removeFilter:function(o,r,e){gform.removeHook(\"filter\",o,r,e)},addHook:function(o,r,e,t,n){null==gform.hooks[o][r]&&(gform.hooks[o][r]=[]);var d=gform.hooks[o][r];null==n&&(n=r+\"_\"+d.length),gform.hooks[o][r].push({tag:n,callable:e,priority:t=null==t?10:t})},doHook:function(r,o,e){var t;if(e=Array.prototype.slice.call(e,1),null!=gform.hooks[r][o]&&((o=gform.hooks[r][o]).sort(function(o,r){return o.priority-r.priority}),o.forEach(function(o){\"function\"!=typeof(t=o.callable)&&(t=window[t]),\"action\"==r?t.apply(null,e):e[0]=t.apply(null,e)})),\"filter\"==r)return e[0]},removeHook:function(o,r,t,n){var e;null!=gform.hooks[o][r]&&(e=(e=gform.hooks[o][r]).filter(function(o,r,e){return!!(null!=n&&n!=o.tag||null!=t&&t!=o.priority)}),gform.hooks[o][r]=e)}});\n\/* ]]> *\/\n<\/script>\n\n                <div class='gf_browser_gecko gform_wrapper gform_legacy_markup_wrapper gform-theme--no-framework' data-form-theme='legacy' data-form-index='0' id='gform_wrapper_8' ><div id='gf_8' class='gform_anchor' tabindex='-1'><\/div><form method='post' enctype='multipart\/form-data' target='gform_ajax_frame_8' id='gform_8'  action='\/es\/wp-json\/wp\/v2\/pages\/2331#gf_8' data-formid='8' novalidate>\n                        <div class='gform-body gform_body'><ul id='gform_fields_8' class='gform_fields top_label form_sublabel_below description_below validation_below'><li id=\"field_8_6\" class=\"gfield gfield--type-honeypot gform_validation_container field_sublabel_below gfield--has-description field_description_below field_validation_below gfield_visibility_visible\"  ><label class='gfield_label gform-field-label' for='input_8_6'>Name<\/label><div class='ginput_container'><input name='input_6' id='input_8_6' type='text' value='' autocomplete='new-password'\/><\/div><div class='gfield_description' id='gfield_description_8_6'>Este campo es un campo de validaci\u00f3n y debe quedar sin cambios.<\/div><\/li><li id=\"field_8_1\" class=\"gfield gfield--type-text gfield_contains_required field_sublabel_below gfield--no-description field_description_below field_validation_below gfield_visibility_visible\"  ><label class='gfield_label gform-field-label' for='input_8_1'>Nombre<span class=\"gfield_required\"><span class=\"gfield_required gfield_required_asterisk\">*<\/span><\/span><\/label><div class='ginput_container ginput_container_text'><input name='input_1' id='input_8_1' type='text' value='' class='medium'   tabindex='9999'  aria-required=\"true\" aria-invalid=\"false\"   \/><\/div><\/li><li id=\"field_8_3\" class=\"gfield gfield--type-text gfield_contains_required field_sublabel_below gfield--no-description field_description_below field_validation_below gfield_visibility_visible\"  ><label class='gfield_label gform-field-label' for='input_8_3'>N\u00famero de tel\u00e9fono<span class=\"gfield_required\"><span class=\"gfield_required gfield_required_asterisk\">*<\/span><\/span><\/label><div class='ginput_container ginput_container_text'><input name='input_3' id='input_8_3' type='text' value='' class='medium'   tabindex='10000'  aria-required=\"true\" aria-invalid=\"false\"   \/><\/div><\/li><li id=\"field_8_2\" class=\"gfield gfield--type-email gfield_contains_required field_sublabel_below gfield--no-description field_description_below field_validation_below gfield_visibility_visible\"  ><label class='gfield_label gform-field-label' for='input_8_2'>Correo electr\u00f3nico<span class=\"gfield_required\"><span class=\"gfield_required gfield_required_asterisk\">*<\/span><\/span><\/label><div class='ginput_container ginput_container_email'>\n                            <input name='input_2' id='input_8_2' type='email' value='' class='medium' tabindex='10001'   aria-required=\"true\" aria-invalid=\"false\"  \/>\n                        <\/div><\/li><li id=\"field_8_5\" class=\"gfield gfield--type-select gfield_contains_required field_sublabel_below gfield--no-description field_description_below field_validation_below gfield_visibility_visible\"  ><label class='gfield_label gform-field-label' for='input_8_5'>Servicio<span class=\"gfield_required\"><span class=\"gfield_required gfield_required_asterisk\">*<\/span><\/span><\/label><div class='ginput_container ginput_container_select'><select name='input_5' id='input_8_5' class='large gfield_select' tabindex='10002'   aria-required=\"true\" aria-invalid=\"false\" ><option value='' selected='selected' class='gf_placeholder'>Seleccionar servicio<\/option><option value='Aeropuerto Santos Dumont - 4 personas - Ida y vuelta (R $ 170 \/ una vez)' >Aeropuerto Santos Dumont - 4 personas - Ida y vuelta (R $ 170 \/ una vez)<\/option><option value='Aeropuerto Santos Dumont - hasta 3 personas - Ida y vuelta (R $ 150 \/ una vez)' >Aeropuerto Santos Dumont - hasta 3 personas - Ida y vuelta (R $ 150 \/ una vez)<\/option><option value='Aeropuerto Santos Dumont - 4 personas - Solo ida (R $ 100 \/ Una vez)' >Aeropuerto Santos Dumont - 4 personas - Solo ida (R $ 100 \/ Una vez)<\/option><option value='Aeropuerto Santos Dumont - hasta 3 personas - Solo ida (R $ 90 \/ una vez)' >Aeropuerto Santos Dumont - hasta 3 personas - Solo ida (R $ 90 \/ una vez)<\/option><option value='Aeropuerto Internacional Tom Jobim (Gale\u00e3o) - 4 personas - Ida y vuelta (R $ 270 \/ una vez)' >Aeropuerto Internacional Tom Jobim (Gale\u00e3o) - 4 personas - Ida y vuelta (R $ 270 \/ una vez)<\/option><option value='Aeropuerto Internacional Tom Jobim (Galeao) - hasta 3 personas - Ida y vuelta (R $ 250 \/ una vez)' >Aeropuerto Internacional Tom Jobim (Galeao) - hasta 3 personas - Ida y vuelta (R $ 250 \/ una vez)<\/option><option value='Aeropuerto Internacional Tom Jobim (Gale\u00e3o) - 4 personas - Solo ida ($ 50 \/ una vez)' >Aeropuerto Internacional Tom Jobim (Gale\u00e3o) - 4 personas - Solo ida ($ 50 \/ una vez)<\/option><option value='Aeropuerto Internacional Tom Jobim (Gale\u00e3o) - hasta 3 personas - Solo ida (R $ 140 \/ una vez)' >Aeropuerto Internacional Tom Jobim (Gale\u00e3o) - hasta 3 personas - Solo ida (R $ 140 \/ una vez)<\/option><\/select><\/div><\/li><li id=\"field_8_4\" class=\"gfield gfield--type-textarea field_sublabel_below gfield--no-description field_description_below field_validation_below gfield_visibility_visible\"  ><label class='gfield_label gform-field-label' for='input_8_4'>Mensaje<\/label><div class='ginput_container ginput_container_textarea'><textarea name='input_4' id='input_8_4' class='textarea medium' tabindex='10003'     aria-invalid=\"false\"   rows='10' cols='50'><\/textarea><\/div><\/li><\/ul><\/div>\n        <div class='gform-footer gform_footer top_label'> <input type='submit' id='gform_submit_button_8' class='gform_button button' onclick='gform.submission.handleButtonClick(this);' data-submission-type='submit' value='Enviar' tabindex='10004' \/> <input type='hidden' name='gform_ajax' value='form_id=8&amp;title=&amp;description=&amp;tabindex=9999&amp;theme=legacy&amp;styles=[]&amp;hash=e91e62a0dd0349ca3a47da02ee4b0c17' \/>\n            <input type='hidden' class='gform_hidden' name='gform_submission_method' data-js='gform_submission_method_8' value='iframe' \/>\n            <input type='hidden' class='gform_hidden' name='gform_theme' data-js='gform_theme_8' id='gform_theme_8' value='legacy' \/>\n            <input type='hidden' class='gform_hidden' name='gform_style_settings' data-js='gform_style_settings_8' id='gform_style_settings_8' value='[]' \/>\n            <input type='hidden' class='gform_hidden' name='is_submit_8' value='1' \/>\n            <input type='hidden' class='gform_hidden' name='gform_submit' value='8' \/>\n            \n            <input type='hidden' class='gform_hidden' name='gform_currency' data-currency='USD' value='55lDAsd8Mn6lRdk+EvOs\/TEkP5krH646xULnG6Wfm6G4aloHKKaZWxjsPsgWQWDf4d9qR5vppo7mn43EUGpLtRCCyrwlSwNVD1sGdY9mGt3xDDE=' \/>\n            <input type='hidden' class='gform_hidden' name='gform_unique_id' value='' \/>\n            <input type='hidden' class='gform_hidden' name='state_8' value='WyJbXSIsIjkxNGVhOWM2ZjE3NWIwMjdjMDZiZWQzZjQ0MjFmMzJjIl0=' \/>\n            <input type='hidden' autocomplete='off' class='gform_hidden' name='gform_target_page_number_8' id='gform_target_page_number_8' value='0' \/>\n            <input type='hidden' autocomplete='off' class='gform_hidden' name='gform_source_page_number_8' id='gform_source_page_number_8' value='1' \/>\n            <input type='hidden' name='gform_field_values' value='' \/>\n            \n        <\/div>\n                        <\/form>\n                        <\/div>\n\t\t                <iframe style='display:none;width:0px;height:0px;' src='about:blank' name='gform_ajax_frame_8' id='gform_ajax_frame_8' title='Este iframe contiene la l\u00f3gica necesaria para gestionar formularios con ajax activado.'><\/iframe>\n\t\t                <script type=\"text\/javascript\">\n\/* <![CDATA[ *\/\n gform.initializeOnLoaded( function() {gformInitSpinner( 8, 'https:\/\/casacaminhodocorcovado.com.br\/wp-content\/plugins\/gravityforms\/images\/spinner.svg', true );jQuery('#gform_ajax_frame_8').on('load',function(){var contents = jQuery(this).contents().find('*').html();var is_postback = contents.indexOf('GF_AJAX_POSTBACK') >= 0;if(!is_postback){return;}var form_content = jQuery(this).contents().find('#gform_wrapper_8');var is_confirmation = jQuery(this).contents().find('#gform_confirmation_wrapper_8').length > 0;var is_redirect = contents.indexOf('gformRedirect(){') >= 0;var is_form = form_content.length > 0 && ! is_redirect && ! is_confirmation;var mt = parseInt(jQuery('html').css('margin-top'), 10) + parseInt(jQuery('body').css('margin-top'), 10) + 100;if(is_form){jQuery('#gform_wrapper_8').html(form_content.html());if(form_content.hasClass('gform_validation_error')){jQuery('#gform_wrapper_8').addClass('gform_validation_error');} else {jQuery('#gform_wrapper_8').removeClass('gform_validation_error');}setTimeout( function() { \/* delay the scroll by 50 milliseconds to fix a bug in chrome *\/ jQuery(document).scrollTop(jQuery('#gform_wrapper_8').offset().top - mt); }, 50 );if(window['gformInitDatepicker']) {gformInitDatepicker();}if(window['gformInitPriceFields']) {gformInitPriceFields();}var current_page = jQuery('#gform_source_page_number_8').val();gformInitSpinner( 8, 'https:\/\/casacaminhodocorcovado.com.br\/wp-content\/plugins\/gravityforms\/images\/spinner.svg', true );jQuery(document).trigger('gform_page_loaded', [8, current_page]);window['gf_submitting_8'] = false;}else if(!is_redirect){var confirmation_content = jQuery(this).contents().find('.GF_AJAX_POSTBACK').html();if(!confirmation_content){confirmation_content = contents;}jQuery('#gform_wrapper_8').replaceWith(confirmation_content);jQuery(document).scrollTop(jQuery('#gf_8').offset().top - mt);jQuery(document).trigger('gform_confirmation_loaded', [8]);window['gf_submitting_8'] = false;wp.a11y.speak(jQuery('#gform_confirmation_message_8').text());}else{jQuery('#gform_8').append(contents);if(window['gformRedirect']) {gformRedirect();}}jQuery(document).trigger(\"gform_pre_post_render\", [{ formId: \"8\", currentPage: \"current_page\", abort: function() { this.preventDefault(); } }]);        if (event && event.defaultPrevented) {                return;        }        const gformWrapperDiv = document.getElementById( \"gform_wrapper_8\" );        if ( gformWrapperDiv ) {            const visibilitySpan = document.createElement( \"span\" );            visibilitySpan.id = \"gform_visibility_test_8\";            gformWrapperDiv.insertAdjacentElement( \"afterend\", visibilitySpan );        }        const visibilityTestDiv = document.getElementById( \"gform_visibility_test_8\" );        let postRenderFired = false;        function triggerPostRender() {            if ( postRenderFired ) {                return;            }            postRenderFired = true;            gform.core.triggerPostRenderEvents( 8, current_page );            if ( visibilityTestDiv ) {                visibilityTestDiv.parentNode.removeChild( visibilityTestDiv );            }        }        function debounce( func, wait, immediate ) {            var timeout;            return function() {                var context = this, args = arguments;                var later = function() {                    timeout = null;                    if ( !immediate ) func.apply( context, args );                };                var callNow = immediate && !timeout;                clearTimeout( timeout );                timeout = setTimeout( later, wait );                if ( callNow ) func.apply( context, args );            };        }        const debouncedTriggerPostRender = debounce( function() {            triggerPostRender();        }, 200 );        if ( visibilityTestDiv && visibilityTestDiv.offsetParent === null ) {            const observer = new MutationObserver( ( mutations ) => {                mutations.forEach( ( mutation ) => {                    if ( mutation.type === 'attributes' && visibilityTestDiv.offsetParent !== null ) {                        debouncedTriggerPostRender();                        observer.disconnect();                    }                });            });            observer.observe( document.body, {                attributes: true,                childList: false,                subtree: true,                attributeFilter: [ 'style', 'class' ],            });        } else {            triggerPostRender();        }    } );} ); \n\/* ]]> *\/\n<\/script>\n\n","protected":false},"excerpt":{"rendered":"<p>Todos los precios de transferencia se refieren a las rutas de ida y vuelta Aeropuerto&gt; Casa Caminho do Corcovado. Otras ubicaciones, por favor env\u00ede una consulta. Tenga en cuenta que las transferencias en fechas especiales como la v\u00edspera de A\u00f1o Nuevo y el Carnaval se incrementan en un 10% sobre el precio de lista. CASA [&hellip;]<\/p>\n","protected":false},"author":1,"featured_media":2223,"parent":2324,"menu_order":0,"comment_status":"closed","ping_status":"closed","template":"","meta":{"inline_featured_image":false,"_joinchat":[],"footnotes":""},"class_list":["post-2331","page","type-page","status-publish","has-post-thumbnail","hentry"],"amp_enabled":true,"_links":{"self":[{"href":"https:\/\/casacaminhodocorcovado.com.br\/es\/wp-json\/wp\/v2\/pages\/2331","targetHints":{"allow":["GET"]}}],"collection":[{"href":"https:\/\/casacaminhodocorcovado.com.br\/es\/wp-json\/wp\/v2\/pages"}],"about":[{"href":"https:\/\/casacaminhodocorcovado.com.br\/es\/wp-json\/wp\/v2\/types\/page"}],"author":[{"embeddable":true,"href":"https:\/\/casacaminhodocorcovado.com.br\/es\/wp-json\/wp\/v2\/users\/1"}],"replies":[{"embeddable":true,"href":"https:\/\/casacaminhodocorcovado.com.br\/es\/wp-json\/wp\/v2\/comments?post=2331"}],"version-history":[{"count":3,"href":"https:\/\/casacaminhodocorcovado.com.br\/es\/wp-json\/wp\/v2\/pages\/2331\/revisions"}],"predecessor-version":[{"id":2500,"href":"https:\/\/casacaminhodocorcovado.com.br\/es\/wp-json\/wp\/v2\/pages\/2331\/revisions\/2500"}],"up":[{"embeddable":true,"href":"https:\/\/casacaminhodocorcovado.com.br\/es\/wp-json\/wp\/v2\/pages\/2324"}],"wp:featuredmedia":[{"embeddable":true,"href":"https:\/\/casacaminhodocorcovado.com.br\/es\/wp-json\/wp\/v2\/media\/2223"}],"wp:attachment":[{"href":"https:\/\/casacaminhodocorcovado.com.br\/es\/wp-json\/wp\/v2\/media?parent=2331"}],"curies":[{"name":"wp","href":"https:\/\/api.w.org\/{rel}","templated":true}]}}