{"id":2333,"date":"2019-12-19T13:48:50","date_gmt":"2019-12-19T16:48:50","guid":{"rendered":"https:\/\/casacaminhodocorcovado.com.br\/?page_id=2333"},"modified":"2020-01-06T16:48:35","modified_gmt":"2020-01-06T19:48:35","slug":"sobre-nosotros","status":"publish","type":"page","link":"https:\/\/casacaminhodocorcovado.com.br\/es\/sobre-nosotros\/","title":{"rendered":"Sobre nosotros"},"content":{"rendered":"<p>Un alojamiento diferenciado, donde la atenci\u00f3n al hu\u00e9sped y el cuidado de los detalles brindan tratamiento V.I.P. a cada uno de los que utilizan las instalaciones. El prop\u00f3sito de CASA PATH OF CORCOVADO es ofrecer una buena estructura para dormir, con un excelente desayuno, adem\u00e1s del servicio personalizado que los anfitriones dedican a todos.<\/p>\n<h3>The Hosts<\/h3>\n<p>Ella, escritora y restauradora, gu\u00eda personalmente las actividades de hosting. \u00c9l, un m\u00fasico y experto en descubrimientos, gu\u00eda personalmente las actividades tur\u00edsticas que los hu\u00e9spedes buscan.<\/p>\n","protected":false},"excerpt":{"rendered":"<p>Un alojamiento diferenciado, donde la atenci\u00f3n al hu\u00e9sped y el cuidado de los detalles brindan tratamiento V.I.P. a cada uno de los que utilizan las instalaciones. El prop\u00f3sito de CASA PATH OF CORCOVADO es ofrecer una buena estructura para dormir, con un excelente desayuno, adem\u00e1s del servicio personalizado que los anfitriones dedican a todos. The [&hellip;]<\/p>\n","protected":false},"author":1,"featured_media":2169,"parent":0,"menu_order":0,"comment_status":"closed","ping_status":"closed","template":"","meta":{"inline_featured_image":false,"_joinchat":[],"footnotes":""},"class_list":["post-2333","page","type-page","status-publish","has-post-thumbnail","hentry"],"amp_enabled":true,"_links":{"self":[{"href":"https:\/\/casacaminhodocorcovado.com.br\/es\/wp-json\/wp\/v2\/pages\/2333","targetHints":{"allow":["GET"]}}],"collection":[{"href":"https:\/\/casacaminhodocorcovado.com.br\/es\/wp-json\/wp\/v2\/pages"}],"about":[{"href":"https:\/\/casacaminhodocorcovado.com.br\/es\/wp-json\/wp\/v2\/types\/page"}],"author":[{"embeddable":true,"href":"https:\/\/casacaminhodocorcovado.com.br\/es\/wp-json\/wp\/v2\/users\/1"}],"replies":[{"embeddable":true,"href":"https:\/\/casacaminhodocorcovado.com.br\/es\/wp-json\/wp\/v2\/comments?post=2333"}],"version-history":[{"count":2,"href":"https:\/\/casacaminhodocorcovado.com.br\/es\/wp-json\/wp\/v2\/pages\/2333\/revisions"}],"predecessor-version":[{"id":2490,"href":"https:\/\/casacaminhodocorcovado.com.br\/es\/wp-json\/wp\/v2\/pages\/2333\/revisions\/2490"}],"wp:featuredmedia":[{"embeddable":true,"href":"https:\/\/casacaminhodocorcovado.com.br\/es\/wp-json\/wp\/v2\/media\/2169"}],"wp:attachment":[{"href":"https:\/\/casacaminhodocorcovado.com.br\/es\/wp-json\/wp\/v2\/media?parent=2333"}],"curies":[{"name":"wp","href":"https:\/\/api.w.org\/{rel}","templated":true}]}}