{"id":2335,"date":"2019-12-19T13:49:24","date_gmt":"2019-12-19T16:49:24","guid":{"rendered":"https:\/\/casacaminhodocorcovado.com.br\/?page_id=2335"},"modified":"2019-12-19T13:49:24","modified_gmt":"2019-12-19T16:49:24","slug":"terminos-y-condiciones","status":"publish","type":"page","link":"https:\/\/casacaminhodocorcovado.com.br\/es\/terminos-y-condiciones\/","title":{"rendered":"T\u00e9rminos y Condiciones"},"content":{"rendered":"<p>Las reservas se realizan con un anticipo del 30% para los d\u00edas normales y del 50% para A\u00f1o Nuevo y Carnaval.<\/p>\n<p>El pago se realizar\u00e1 a trav\u00e9s de PayPal o PagSeguro, seg\u00fan la preferencia del hu\u00e9sped. Esta informaci\u00f3n se le enviar\u00e1 por correo electr\u00f3nico despu\u00e9s de la reserva.<\/p>\n<p>Las reservas se pueden cancelar hasta 45 d\u00edas antes de la fecha de llegada. Despu\u00e9s de este per\u00edodo, el monto pagado se convierte en cr\u00e9dito para ser utilizado dentro de los pr\u00f3ximos 60 d\u00edas despu\u00e9s de la fecha. Respirando desde all\u00ed.<\/p>\n<p>La hora de registro es despu\u00e9s de las 2 pm y la salida antes del mediod\u00eda.<\/p>\n<p>El equipaje puede almacenarse de manera segura para llegadas y salidas fuera de estos horarios. No se permite fumar en las habitaciones o dependencias de la casa. Solo en el jardin.<\/p>\n<p>No aceptamos animales. Lo siento<\/p>\n<p>No se permite plantar.<\/p>\n<p>El estacionamiento es gratuito previa reserva y disponibilidad.<\/p>\n","protected":false},"excerpt":{"rendered":"<p>Las reservas se realizan con un anticipo del 30% para los d\u00edas normales y del 50% para A\u00f1o Nuevo y Carnaval. El pago se realizar\u00e1 a trav\u00e9s de PayPal o PagSeguro, seg\u00fan la preferencia del hu\u00e9sped. Esta informaci\u00f3n se le enviar\u00e1 por correo electr\u00f3nico despu\u00e9s de la reserva. Las reservas se pueden cancelar hasta 45 [&hellip;]<\/p>\n","protected":false},"author":1,"featured_media":0,"parent":0,"menu_order":0,"comment_status":"closed","ping_status":"closed","template":"","meta":{"inline_featured_image":false,"_joinchat":[],"footnotes":""},"class_list":["post-2335","page","type-page","status-publish","hentry"],"amp_enabled":true,"_links":{"self":[{"href":"https:\/\/casacaminhodocorcovado.com.br\/es\/wp-json\/wp\/v2\/pages\/2335","targetHints":{"allow":["GET"]}}],"collection":[{"href":"https:\/\/casacaminhodocorcovado.com.br\/es\/wp-json\/wp\/v2\/pages"}],"about":[{"href":"https:\/\/casacaminhodocorcovado.com.br\/es\/wp-json\/wp\/v2\/types\/page"}],"author":[{"embeddable":true,"href":"https:\/\/casacaminhodocorcovado.com.br\/es\/wp-json\/wp\/v2\/users\/1"}],"replies":[{"embeddable":true,"href":"https:\/\/casacaminhodocorcovado.com.br\/es\/wp-json\/wp\/v2\/comments?post=2335"}],"version-history":[{"count":1,"href":"https:\/\/casacaminhodocorcovado.com.br\/es\/wp-json\/wp\/v2\/pages\/2335\/revisions"}],"predecessor-version":[{"id":2336,"href":"https:\/\/casacaminhodocorcovado.com.br\/es\/wp-json\/wp\/v2\/pages\/2335\/revisions\/2336"}],"wp:attachment":[{"href":"https:\/\/casacaminhodocorcovado.com.br\/es\/wp-json\/wp\/v2\/media?parent=2335"}],"curies":[{"name":"wp","href":"https:\/\/api.w.org\/{rel}","templated":true}]}}